{"id":6029,"date":"2018-05-23T09:15:16","date_gmt":"2018-05-23T09:15:16","guid":{"rendered":"http:\/\/viatgesmonobert.com\/faq\/"},"modified":"2018-06-19T09:00:07","modified_gmt":"2018-06-19T09:00:07","slug":"faq","status":"publish","type":"page","link":"https:\/\/www.viatgesmonobert.com\/ca\/faq\/","title":{"rendered":"FAQ"},"content":{"rendered":"<div class=\"clear\"><\/div>\n<p>&nbsp;<\/p>\n<h4><span class=\"s1\">T\u00e9 preguntes sobre el proc\u00e9s de reserva, una reserva realitzada, el sistema de pagament, etc?<\/span><\/h4>\n<h4><span class=\"s1\">Aqu\u00ed trobareu totes les respostes!<\/span><\/h4>\n<p>&nbsp;<\/p>\n<div class=\"pp_accordion_close has_icon\">\n<h3><a href=\"#\">Rebr\u00e9 despr\u00e9s de la reserva una confirmaci\u00f3 per escrit? <\/a><\/h3>\n<div>\n<p>S\u00ed, despr\u00e9s de reservar rebr\u00e0 immediatament una confirmaci\u00f3 de recepci\u00f3 per escrit de la sol\u00b7licitud de reserva. Despr\u00e9s d&#8217;examinar-la, se li enviar\u00e0 la confirmaci\u00f3 oficial de reserva per correu electr\u00f2nic.<\/p>\n<\/div>\n<\/div>\n<div class=\"pp_accordion_close has_icon\">\n<h3><a href=\"#\">Puc reservar per internet per a una altra persona?<\/a><\/h3>\n<div>\n<p>Pot reservar tant per tel\u00e8fon com per internet per a una altra persona. A la p\u00e0gina de reserves d&#8217;indicar simplement el nom corresponent.<\/p>\n<\/div>\n<\/div>\n<div class=\"pp_accordion_close has_icon\">\n<h3><a href=\"#\">Vull fer una reserva per a un grup. Qu\u00e8 he de fer?<\/a><\/h3>\n<div>\n<p>Per a reserves de grups digui, si us plau, als nostres especialistes en el servei d&#8217;atenci\u00f3 al client. Estarem encantats de poder organitzar un viatge com una bonica viv\u00e8ncia en grup.<\/p>\n<\/div>\n<\/div>\n<div class=\"pp_accordion_close has_icon\">\n<h3><a href=\"#\">Quins detalls he de comprovar en el meu confirmaci\u00f3 de viatge?<\/a><\/h3>\n<div>\n<p>La confirmaci\u00f3 de viatge \u00e9s una part del contracte. Si us plau, comproveu les indicacions sobre les prestacions, incloent les dades, curosament. En cas de viatges amb avi\u00f3 \u00e9s important escriure de manera correcta el seu nom (igual que en el seu document d&#8217;identitat, D.N.I \/ passaport).<\/p>\n<\/div>\n<\/div>\n<div class=\"pp_accordion_close has_icon\">\n<h3><a href=\"#\">M&#8217;avisaran si el meu circuit es realitza?<\/a><\/h3>\n<div>\n<p>Per descomptat que se li informar\u00e0 unes setmanes abans de la sortida. Intentarem avisar el m\u00e9s aviat possible.<\/p>\n<\/div>\n<\/div>\n<div class=\"pp_accordion_close has_icon\">\n<h3><a href=\"#\">De quant temps disposo per pagar el meu viatge i de quant \u00e9s la paga i senyal?<\/a><\/h3>\n<div>\n<p>El pagament inicial suposa nom\u00e9s un 40%. 30 dies abans del viatge s&#8217;ha d&#8217;abonar el 60% restant. Per reserves a curt termini, que es realitzin fins a quatre setmanes abans de la sortida, el preu total del viatge s&#8217;abonaran directament amb la reserva.<\/p>\n<\/div>\n<\/div>\n<div class=\"pp_accordion_close has_icon\">\n<h3><a href=\"#\">Puc transferir directament l&#8217;import complet?<\/a><\/h3>\n<div>\n<p>Sovint els clients consideren m\u00e9s senzill pagar l&#8217;import complet directament. Tamb\u00e9 \u00e9s una opci\u00f3.<\/p>\n<\/div>\n<\/div>\n<div class=\"pp_accordion_close has_icon\">\n<h3><a href=\"#\">Puc pagar el meu viatge a terminis?<\/a><\/h3>\n<div>\n<p>Lamentablement no \u00e9s possible per ara. No obstant les reserves, que s&#8217;hagin realitzat amb m\u00e9s de 30 dies abans del viatge, hauran d&#8217;abonar en el moment de la reserva tan sols un 20% del preu. <\/p>\n<\/div>\n<\/div>\n<div class=\"pp_accordion_close has_icon\">\n<h3><a href=\"#\">Quan i com rebr\u00e9 els meus documents del viatge?<\/a><\/h3>\n<div>\n<p>Rebr\u00e0 els seus documents del viatge, en cas de reserves a curt termini, en menys de 30 dies fins a la sortida, just despr\u00e9s que el pagament s&#8217;hagi realitzat correctament. En cas de reserves a llarg termini, amb m\u00e9s de 30 dies per a la sortida, rebr\u00e0 els documents quan la resta del pagament s&#8217;hagi realitzat, uns 10 dies abans de la sortida. <\/p>\n<\/div>\n<\/div>\n<div class=\"pp_accordion_close has_icon\">\n<h3><a href=\"#\">Qu\u00e8 faig si els meus documents del viatge no arriben a temps?<\/a><\/h3>\n<div>\n<p>En cas que no hagi rebut els documents del viatge una setmana abans de la seva sortida, truqueu si us plau al nostre servei d&#8217;atenci\u00f3 al client. Ells us indicaran si el pagament ha estat realitzat correctament i li diran per qu\u00e8 els documents del viatge encara no li han enviat.<\/p>\n<\/div>\n<\/div>\n<div class=\"pp_accordion_close has_icon\">\n<h3><a href=\"#\">Quines informacions o documents necessitar\u00e9 per a l&#8217;arribada?<\/a><\/h3>\n<div>\n<p>L&#8217;hotel necessita, a part del seu nom i identificaci\u00f3, el seu Voucher, que haur\u00e0 rebut juntament amb els documents del viatge a la carpeta blava amb el forat a la part esquerra.<\/p>\n<\/div>\n<\/div>\n<div class=\"pp_accordion_close has_icon\">\n<h3><a href=\"#\">Com puc canviar el meu viatge \/ cancel\u00b7lar-ho?<\/a><\/h3>\n<div>\n<p>Informeu-vos telef\u00f2nicament al nostre servei d&#8217;atenci\u00f3 al client respecte a un canvi de reserva o cancel\u00b7laci\u00f3. Tot seguit cal un escrit, que confirmi el seu canvi de reserva \/ cancel\u00b7laci\u00f3.<\/p>\n<\/div>\n<\/div>\n<div class=\"pp_accordion_close has_icon\">\n<h3><a href=\"#\">Quins costos impliquen el canvi de reserva \/ cancel\u00b7laci\u00f3?<\/a><\/h3>\n<div>\n<p>Si us plau, presti atenci\u00f3 a les nostres <a href=\"https:\/\/viatgesmonobert.com\/ca\/condiciones-generales\/\"><strong>condicions generals de viatje<\/strong><\/a>, les quals trobar\u00e0 aqu\u00ed, en el punt, cancel\u00b7laci\u00f3 del client, canvi de reserva.<\/p>\n<\/div>\n<\/div>\n<div class=\"pp_accordion_close has_icon\">\n<h3><a href=\"#\">Es poden canviar en la reserva els noms dels viatgers?<\/a><\/h3>\n<div>\n<p>Per norma general volem ajudar-lo en les seves prefer\u00e8ncies i oferir-li la major flexibilitat despr\u00e9s de la reserva. En cas de canvis de reserva, on vost\u00e8 mateix ha planejat l&#8217;arribada, nom\u00e9s seran necess\u00e0ries les taxes per canvi de reserva d&#8217;acord amb les <a href=\"https:\/\/viatgesmonobert.com\/ca\/condiciones-generales\/\"><strong>condicions generals de viatje.<\/strong><\/a> Per arribades en avi\u00f3, cal recalcular el preu del bitllet ja que les aerol\u00ednies generalment no admeten canvis de nom com canvis de reserva.<\/p>\n<\/div>\n<\/div>\n<div class=\"pp_accordion_close has_icon\">\n<h3><a href=\"#\">On he cancel\u00b7lar el meu vol?<\/a><\/h3>\n<div>\n<p>En cas que hi hagi reservat el seu vol amb Viatges M\u00f3n Obert, canc\u00e9lelo, si us plau, per escrit amb un e-mail, fax o carta. <\/p>\n<\/div>\n<\/div>\n<div class=\"pp_accordion_close has_icon\">\n<h3><a href=\"#\">Quina asseguran\u00e7a de viatges s&#8217;haurien de reservar per al meu viatge?<\/a><\/h3>\n<div>\n<p>Podeu escollir entre l&#8217;asseguran\u00e7a d&#8217;Inclusi\u00f3 i cancel\u00b7laci\u00f3. <a href=\"https:\/\/viatgesmonobert.com\/ca\/seguros-de-viaje\/\"><strong>Condicions aqu\u00ed.<\/strong><\/a><\/p>\n<\/div>\n<\/div>\n<div class=\"pp_accordion_close has_icon\">\n<h3><a href=\"#\">Com puc reservar una asseguran\u00e7a?<\/a><\/h3>\n<div>\n<p>L&#8217;asseguran\u00e7a ho poden fer reserves per internet a la p\u00e0gina o per tel\u00e8fon. Fins i tot uns dies despr\u00e9s de la reserva del seu viatge pot reservar l&#8217;asseguran\u00e7a. Tota la documentaci\u00f3 est\u00e0 per aix\u00f2 disponible nom\u00e9s en alemany o angl\u00e8s. Pot demanar m\u00e9s informaci\u00f3 al nostre servei al client.<\/p>\n<\/div>\n<\/div>\n<div class=\"pp_accordion_close has_icon\">\n<h3><a href=\"#\">Quan entra en vigor l&#8217;asseguran\u00e7a de viatge?<\/a><\/h3>\n<div>\n<p>Dep\u00e8n de les condicions de l&#8217;asseguran\u00e7a corresponents. En general, per l&#8217;asseguran\u00e7a de cobertura alta, solen considerar-se les seg\u00fcents condicions: malaltia inesperada abans del viatge, accident o p\u00e8rdua del lloc de treball abans del viatge, incorporaci\u00f3 al viatge amb retard per causa major. Amb l&#8217;asseguran\u00e7a de cobertura completa estan, a m\u00e9s, els seg\u00fcents riscos assegurats: interrupci\u00f3 obligada del viatge inesperadament, tractaments m\u00e8dics ambulatoris o estacionaris, aix\u00ed com operacions al pa\u00eds de destinaci\u00f3, trasllat m\u00e8dic de tornada (asseguran\u00e7a m\u00e8dica de viatge), aix\u00ed com p\u00e8rdua o danys a l&#8217;equipatge. La normativa exacta la trobar\u00e0 juntament amb les condicions de l&#8217;asseguran\u00e7a.<\/p>\n<\/div>\n<\/div>\n<div class=\"pp_accordion_close has_icon\">\n<h3><a href=\"#\">Per qu\u00e8 he de comprovar els meus bitllets d&#8217;avi\u00f3?<\/a><\/h3>\n<div>\n<p>No sol passar, per\u00f2 en transaccions de vols internacionals poden apar\u00e8ixer errors per distracci\u00f3. D&#8217;aquesta manera evitar\u00e0 incomoditats comprovant el seu bitllet.<\/p>\n<\/div>\n<\/div>\n<div class=\"pp_accordion_close has_icon\">\n<h3><a href=\"#\">Com s\u00e9 les hores concretes de vol del meu viatge amb tot incl\u00f2s?<\/a><\/h3>\n<div>\n<p>L&#8217;horari de vol l&#8217;hi enviarem juntament amb els documents del viatge.<\/p>\n<\/div>\n<\/div>\n<div class=\"pp_accordion_close has_icon\">\n<h3><a href=\"#\">Quina normativa hi ha per l&#8217;equipatge de m\u00e0?<\/a><\/h3>\n<div>\n<p>La normativa respecte a l&#8217;equipatge de m\u00e0 tamb\u00e9 la defineix cada aerol\u00ednia. Si us plau, consulti el nostre servei d&#8217;atenci\u00f3 al client.<\/p>\n<\/div>\n<\/div>\n<div class=\"pp_accordion_close has_icon\">\n<h3><a href=\"#\">Em rebr\u00e0 el guia a l&#8217;aeroport amb un r\u00e8tol?<\/a><\/h3>\n<div>\n<p>Si tamb\u00e9 ha reservat el trasllat amb Viatges m\u00f3n Obert, el rebr\u00e0 personalment un guia amb un r\u00e8tol. En cas de trasllats col\u00b7lectius haur\u00e0 de dirigir despr\u00e9s de l&#8217;aterratge als taulells p\u00fablics per a trasllats. Les irregularitats sobre aquest tema estan assenyalades en els documents del viatge.<\/p>\n<\/div>\n<\/div>\n<div class=\"pp_accordion_close has_icon\">\n<h3><a href=\"#\">Est\u00e0 incl\u00f2s en el meu viatge el trasllat de l&#8217;aeroport a l&#8217;hotel i viceversa?<\/a><\/h3>\n<div>\n<p>El trasllat sol estar sovint incl\u00f2s en els viatges de Viatges M\u00f3n Obert. No obstant aix\u00f2, de vegades, cal reservar-part. Per aix\u00f2, llegiu si us plau la informaci\u00f3 sobre la seva reserva i els seus documents del viatge.<\/p>\n<\/div>\n<\/div>\n<div class=\"pp_accordion_close has_icon\">\n<h3><a href=\"#\">Qu\u00e8 puc fer en cas que l&#8217;aerol\u00ednia estigui en vaga?<\/a><\/h3>\n<div>\n<p>En cas d&#8217;una vaga de l&#8217;aerol\u00ednia no entren en vigor els drets normals de compensaci\u00f3. Per descomptat intentarem fer tot el possible perqu\u00e8 pugui viatjar. No obstant aix\u00f2, aqu\u00ed depenem de la defer\u00e8ncia de les aerol\u00ednies.<\/p>\n<\/div>\n<\/div>\n<div class=\"pp_accordion_close has_icon\">\n<h3><a href=\"#\">He de portar amb mi medicaments?<\/a><\/h3>\n<div>\n<p>Preocupis nom\u00e9s per favor dels medicaments indispensables. Nosaltres ens guiem segons les recomanacions del Centre de Medicina del Viatger. <a href=\"http:\/\/www.msssi.gob.es\/profesionales\/saludPublica\/sanidadExterior\/salud\/home.htm\"><strong>Aqu\u00ed.<\/strong><\/a> pot trobar una llista de control.<\/p>\n<\/div>\n<\/div>\n<div class=\"pp_accordion_close has_icon\">\n<h3><a href=\"#\">Hi ha consells de salut per a viatges de llarga dist\u00e0ncia?<\/a><\/h3>\n<div>\n<p>La precauci\u00f3 necess\u00e0ria en els viatges metges varia segons el pa\u00eds. Un cop m\u00e9s, vam seguir les informacions m\u00e8diques de viatge del Centre de Medicina del Viatger. <a href=\"http:\/\/www.msssi.gob.es\/profesionales\/saludPublica\/sanidadExterior\/salud\/home.htm\"><strong>Aqu\u00ed.<\/strong><\/a> pot trobar informaci\u00f3 detallada per als diferents destins.<\/p>\n<\/div>\n<\/div>\n<div class=\"pp_accordion_close has_icon\">\n<h3><a href=\"#\">On puc trobar informaci\u00f3 i consells importants sobre en els viatges de llarga dist\u00e0ncia?<\/a><\/h3>\n<div>\n<p>Per a viatges de llarga dist\u00e0ncia, aqu\u00ed pot trobar tamb\u00e9 tota la informaci\u00f3 m\u00e8dica i de salut necess\u00e0ria amb el Centre de Medicina del Viatger, <a href=\"http:\/\/www.msssi.gob.es\/profesionales\/saludPublica\/sanidadExterior\/salud\/home.htm\"><strong>aqu\u00ed.<\/strong><\/a><\/p>\n<\/div>\n<\/div>\n<div class=\"pp_accordion_close has_icon\">\n<h3><a href=\"#\">On puc informar-me pel que fa als requisits d&#8217;ingr\u00e9s en un pa\u00eds estranger?<\/a><\/h3>\n<div>\n<p>El Ministeri d&#8217;Afers Exteriors informa en detall sobre els requisits d&#8217;entrada depenent del pa\u00eds. Si us plau feu clic <strong><a href=\"http:\/\/www.exteriores.gob.es\/Portal\/es\/ServiciosAlCiudadano\/SiViajasAlExtranjero\/Paginas\/Inicio.aspx\">aqu\u00ed<\/a><\/strong> per sol\u00b7licitar informaci\u00f3 directament sobre els requisits d&#8217;ingr\u00e9s per la destinaci\u00f3 escollida.<\/p>\n<\/div>\n<\/div>\n<div class=\"pp_accordion_close has_icon\">\n<h3><a href=\"#\">Qui \u00e9s la meva persona de contacte en la destinaci\u00f3?<\/a><\/h3>\n<div>\n<p>Durant el seu viatge, l&#8217;hotel \u00e9s el seu primer punt de contacte ja en la destinaci\u00f3. Si els seus dubtes, preocupacions o desitjos no es poden resoldre d&#8217;aquesta manera, si us plau poseu-vos en contacte amb l&#8217;ag\u00e8ncia de viatges o amb la nostra oficina.<\/p>\n<\/div>\n<\/div>\n<div class=\"pp_accordion_close has_icon\">\n<h3><a href=\"#\">Com puc aconseguir ajuda una vegada que estigui ja en el meu dest\u00ed?<\/a><\/h3>\n<div>\n<p>Sempre s&#8217;aplica a totes les preguntes i situacions d&#8217;emerg\u00e8ncia el seg\u00fcent protocol: 1. Contactar amb l&#8217;hotel. Si no pot ajudar, si us plau poseu-vos en contacte amb nosaltres.<\/p>\n<\/div>\n<\/div>\n<div class=\"pp_accordion_close has_icon\">\n<h3><a href=\"#\">En quins casos he de contactar amb l&#8217;ag\u00e8ncia de viatges o amb l&#8217;oficina central?<\/a><\/h3>\n<div>\n<p>Quan l&#8217;Hotel no pugui ajudar-lo, si us plau, truqui&#8217;ns sense falta. Nosaltres volem que vost\u00e8 tingui unes boniques vacances i no que torni a casa amb una mala sensaci\u00f3 o disgustat.<\/p>\n<\/div>\n<\/div>\n<div class=\"pp_accordion_close has_icon\">\n<h3><a href=\"#\">Quin temps far\u00e0 a la meva destinaci\u00f3?<\/a><\/h3>\n<div>\n<p> Consulta el temps en el m\u00f3n\u00a0 \u00a0 <a class=\"button small \" style=\"background-color:#990000 !important;color:#ffffff !important;border:1px solid #990000 !important;\" onclick=\"window.open('https:\/\/www.tiempo.com\/', '_self')\">Aqu\u00ed<\/a><\/p>\n<\/div>\n<\/div>\n<p>&nbsp;<\/p>\n","protected":false},"excerpt":{"rendered":"<p>&nbsp; T\u00e9 preguntes sobre el proc\u00e9s de reserva, una reserva realitzada, el sistema de pagament, etc? Aqu\u00ed trobareu totes les respostes! &nbsp; &nbsp;<\/p>\n","protected":false},"author":2,"featured_media":5587,"parent":0,"menu_order":0,"comment_status":"closed","ping_status":"closed","template":"","meta":{"footnotes":""},"class_list":["post-6029","page","type-page","status-publish","has-post-thumbnail","hentry"],"_links":{"self":[{"href":"https:\/\/www.viatgesmonobert.com\/ca\/wp-json\/wp\/v2\/pages\/6029","targetHints":{"allow":["GET"]}}],"collection":[{"href":"https:\/\/www.viatgesmonobert.com\/ca\/wp-json\/wp\/v2\/pages"}],"about":[{"href":"https:\/\/www.viatgesmonobert.com\/ca\/wp-json\/wp\/v2\/types\/page"}],"author":[{"embeddable":true,"href":"https:\/\/www.viatgesmonobert.com\/ca\/wp-json\/wp\/v2\/users\/2"}],"replies":[{"embeddable":true,"href":"https:\/\/www.viatgesmonobert.com\/ca\/wp-json\/wp\/v2\/comments?post=6029"}],"version-history":[{"count":8,"href":"https:\/\/www.viatgesmonobert.com\/ca\/wp-json\/wp\/v2\/pages\/6029\/revisions"}],"predecessor-version":[{"id":6066,"href":"https:\/\/www.viatgesmonobert.com\/ca\/wp-json\/wp\/v2\/pages\/6029\/revisions\/6066"}],"wp:featuredmedia":[{"embeddable":true,"href":"https:\/\/www.viatgesmonobert.com\/ca\/wp-json\/wp\/v2\/media\/5587"}],"wp:attachment":[{"href":"https:\/\/www.viatgesmonobert.com\/ca\/wp-json\/wp\/v2\/media?parent=6029"}],"curies":[{"name":"wp","href":"https:\/\/api.w.org\/{rel}","templated":true}]}}