{"id":5626,"date":"2018-05-28T08:25:03","date_gmt":"2018-05-28T08:25:03","guid":{"rendered":"https:\/\/effortsl.net\/clientes\/monobert\/politica-de-privacidad\/"},"modified":"2018-06-15T09:42:16","modified_gmt":"2018-06-15T09:42:16","slug":"politica-de-privacidad","status":"publish","type":"page","link":"https:\/\/www.viatgesmonobert.com\/ca\/politica-de-privacidad\/","title":{"rendered":"Pol\u00edtica de Privacitat"},"content":{"rendered":"<p>&nbsp;<\/p>\n<p style=\"text-align: justifiy;\">En compliment del que estableix la RGPD, l&#8217;informem que les seves dades seran tractades en els nostres fitxers, amb la finalitat del manteniment i compliment de la relaci\u00f3 amb la nostra entitat, incloent l&#8217;enviament de comunicacions en el marc de l&#8217;esmentada relaci\u00f3.<\/p>\n<p style=\"text-align: justifiy;\">Aix\u00ed mateix, les seves dades seran cedides en tots aquells casos en qu\u00e8 sigui necessari per al desenvolupament, compliment i control de la relaci\u00f3 amb la nostra entitat o en els sup\u00f2sits en qu\u00e8 ho autoritzi una norma amb rang de llei. En compliment de la RGPD pot exercir els seus drets ARCO davant <strong>Viatges M\u00f3n Obert, S. L<\/strong>., amb direcci\u00f3 a <strong>Av. Mistral, 39 Entlo. 1a, 08015 &#8211; Barcelona<\/strong>, ??adjuntant fotoc\u00f2pia del seu DNI.<\/p>\n<p class=\"text_color_c\" style=\"text-align: justifiy;\">POL\u00cdTICA DE SEGURETAT I PROTECCI\u00d3 DE DADES PERSONALS<\/p>\n<hr style=\"border-color: #000A2B;\" \/>\n<p class=\"text_c\" style=\"text-align: justifiy;\" align=\"justify\">Viatges M\u00f3n Obert mant\u00e9 els nivells de seguretat per a la protecci\u00f3 de dades de car\u00e0cter personal i ha establert tots els mitjans t\u00e8cnics al seu abast per al seu compliment.<\/p>\n<p class=\"text_c\" style=\"text-align: justifiy;\" align=\"justify\">Viatges M\u00f3n Obert es reserva el dret de modificar la seva pol\u00edtica de seguretat i protecci\u00f3 de dades de forma discrecional, en qualsevol moment i sense previ av\u00eds, sempre d&#8217;acord amb la legislaci\u00f3 espanyola vigent en mat\u00e8ria de protecci\u00f3 de dades, amb efectes de la data de publicaci\u00f3 d&#8217;aquesta modificaci\u00f3 en Viatges M\u00f3n Obert<\/p>\n<p class=\"text_c\" style=\"text-align: justifiy;\" align=\"justify\">Sense perjudici d&#8217;all\u00f2 previst per la Llei i indicat en cada un dels formularis dels llocs web i les seves p\u00e0gines web, quan l&#8217;usuari faciliti les seves dades de car\u00e0cter personal estar\u00e0 autoritzant expressament al titular del web al tractament de les seves dades personals per a les finalitats que s&#8217;indiquen en el mateix formulari.<\/p>\n<p class=\"text_c\" style=\"text-align: justifiy;\" align=\"justify\">El titular del web incorporar\u00e0 les dades facilitades per l&#8217;usuari en un fitxer titularitat del mateix i degudament comunicat a l&#8217;Ag\u00e8ncia de Protecci\u00f3 de Dades.<\/p>\n<p class=\"text_c\" style=\"text-align: justifiy;\" align=\"justify\">Exercici dels drets d&#8217;acc\u00e9s, cancel\u00b7laci\u00f3, rectificaci\u00f3 i oposici\u00f3 previstos a la Llei 15\/99, LOPD:<\/p>\n<p class=\"text_c\" style=\"text-align: justifiy;\" align=\"justify\">L&#8217;usuari podr\u00e0 exercir els seus drets d&#8217;acc\u00e9s, rectificaci\u00f3, cancel\u00b7laci\u00f3 i oposici\u00f3 mitjan\u00e7ant sol\u00b7licitud per escrit dirigida a Viatges M\u00f3n Obert, S. L. &#8211; <span class=\"text\">Av. Mistral, 39 ent. 1a &#8211; 08015 Barcelona<\/span>\u00a0o email a:\u00a0<a href=\"mailto:info@viatgesmonobert.com\"><u>info@viatgesmonobert.com<\/u><\/a>.<\/p>\n<p class=\"text_color_c\" style=\"text-align: justifiy;\">COPYRIGHT<\/p>\n<hr style=\"border-color: #000A2B;\" \/>\n<p class=\"text_c\" style=\"text-align: justifiy;\" align=\"justify\">El copyright del material contingut en aquest lloc web \u00e9s propietat de Viatges M\u00f3n Obert i el seu acc\u00e9s no implica llic\u00e8ncia per a la seva reproducci\u00f3 i \/ o distribuci\u00f3; per la qual cosa \u00e9s necessari el consentiment previ per escrit de Viatges M\u00f3n Obert.<\/p>\n<p class=\"text_c\" style=\"text-align: justifiy;\" align=\"justify\">Les eventuals refer\u00e8ncies contingudes en el web de Viatges M\u00f3n Obert en relaci\u00f3 a qualsevol producte, servei, proc\u00e9s, enlla\u00e7, hipertext o qualsevol altra informaci\u00f3 que faci constar la marca, nom comercial o identificaci\u00f3 del fabricant o subministrador, etc., titularitat de tercers no constitueix cap suport, patrocini o recomanaci\u00f3 cap a aquest per part de Viatges M\u00f3n Obert.<\/p>\n","protected":false},"excerpt":{"rendered":"<p>&nbsp; En compliment del que estableix la RGPD, l&#8217;informem que les seves dades seran tractades en els nostres fitxers, amb la finalitat del manteniment i compliment de la relaci\u00f3 amb la nostra entitat, incloent l&#8217;enviament de comunicacions en el marc [&hellip;]<\/p>\n","protected":false},"author":1,"featured_media":5587,"parent":0,"menu_order":0,"comment_status":"closed","ping_status":"closed","template":"","meta":{"footnotes":""},"class_list":["post-5626","page","type-page","status-publish","has-post-thumbnail","hentry"],"_links":{"self":[{"href":"https:\/\/www.viatgesmonobert.com\/ca\/wp-json\/wp\/v2\/pages\/5626","targetHints":{"allow":["GET"]}}],"collection":[{"href":"https:\/\/www.viatgesmonobert.com\/ca\/wp-json\/wp\/v2\/pages"}],"about":[{"href":"https:\/\/www.viatgesmonobert.com\/ca\/wp-json\/wp\/v2\/types\/page"}],"author":[{"embeddable":true,"href":"https:\/\/www.viatgesmonobert.com\/ca\/wp-json\/wp\/v2\/users\/1"}],"replies":[{"embeddable":true,"href":"https:\/\/www.viatgesmonobert.com\/ca\/wp-json\/wp\/v2\/comments?post=5626"}],"version-history":[{"count":2,"href":"https:\/\/www.viatgesmonobert.com\/ca\/wp-json\/wp\/v2\/pages\/5626\/revisions"}],"predecessor-version":[{"id":5628,"href":"https:\/\/www.viatgesmonobert.com\/ca\/wp-json\/wp\/v2\/pages\/5626\/revisions\/5628"}],"wp:featuredmedia":[{"embeddable":true,"href":"https:\/\/www.viatgesmonobert.com\/ca\/wp-json\/wp\/v2\/media\/5587"}],"wp:attachment":[{"href":"https:\/\/www.viatgesmonobert.com\/ca\/wp-json\/wp\/v2\/media?parent=5626"}],"curies":[{"name":"wp","href":"https:\/\/api.w.org\/{rel}","templated":true}]}}