{"id":5586,"date":"2018-05-28T08:25:03","date_gmt":"2018-05-28T08:25:03","guid":{"rendered":"https:\/\/effortsl.net\/clientes\/monobert\/politica-de-cookies\/"},"modified":"2018-06-15T08:08:00","modified_gmt":"2018-06-15T08:08:00","slug":"politica-de-cookies","status":"publish","type":"page","link":"https:\/\/www.viatgesmonobert.com\/ca\/politica-de-cookies\/","title":{"rendered":"Pol\u00edtica de Cookies"},"content":{"rendered":"<p>&nbsp;<\/p>\n<div>\n<p style=\"text-align: justify;\">Al web <a href=\"https:\/\/viatgesmonobert.com\/home\/?lang=ca\">https:\/\/www.viatgesmonobert.com<\/a> utilitzem cookies per a facilitar la relaci\u00f3 dels visitants amb el nostre contingut i per permetre elaborar estad\u00edstiques sobre les visitants que rebem.<\/p>\n<p style=\"text-align: justify;\">En compliment de la Directiva 2009\/136 \/ CE, desenvolupada en el nostre ordenament per l&#8217;apartat segon de l&#8217;article 22 de la Llei de Serveis de Societat de la Informaci\u00f3, seguint les directrius de l&#8217;Ag\u00e8ncia Espanyola de Protecci\u00f3 de Dades, procedim a informar-detalladament del \u00fas que es realitza al nostre web.<\/p>\n<p style=\"text-align: justify;\">Es denominen galetes a uns petits arxius que es graven en el navegador utilitzat per cada visitant del nostre web perqu\u00e8 el servidor pugui recordar la visita d&#8217;aquest usuari amb posterioritat quan torni a accedir als nostres continguts. Aquesta informaci\u00f3 no revela la seva identitat, ni dada personal, ni accedeix al contingut emmagatzemat en el seu pc, per\u00f2 s\u00ed que permet al nostre sistema identificar a vost\u00e8 com un usuari determinat que ja va visitar la web amb anterioritat, va visualitzar determinades p\u00e0gines, etc. ia m\u00e9s permet guardar les seves prefer\u00e8ncies personals i informaci\u00f3 t\u00e8cnica com ara les visites realitzades o p\u00e0gines concretes que visiti.<\/p>\n<p style=\"text-align: justify;\">La finalitat de les cookies \u00e9s la de facilitar a l&#8217;Usuari un acc\u00e9s m\u00e9s r\u00e0pid als Serveis seleccionats.<\/p>\n<p style=\"text-align: justify;\">Si no desitja que es guardin cookies o prefereix rebre una informaci\u00f3 cada vegada que una galeta sol\u00b7liciti instal\u00b7lar-se, per configurar els vostres opcions de navegaci\u00f3 perqu\u00e8 es faci d&#8217;aquesta forma. La major part dels navegadors permeten la gesti\u00f3 de les cookies de 3 formes diferents:<\/p>\n<ul style=\"text-align: justify;\">\n<li>Les cookies s\u00f3n sempre rebutjades;<\/li>\n<li>El navegador pregunta si l&#8217;usuari vol instal\u00b7lar cada galeta;<\/li>\n<li>Les cookies s\u00f3n sempre acceptades;<\/li>\n<\/ul>\n<p style=\"text-align: justify;\">El seu navegador tamb\u00e9 pot incloure la possibilitat de seleccionar amb detall les galetes que desitja que s&#8217;instal\u00b7lin al seu ordinador. En concret, l&#8217;usuari pot normalment acceptar alguna de les seg\u00fcents opcions:<\/p>\n<ul style=\"text-align: justify;\">\n<li>rebutjar les cookies de determinats dominis; rebutjar les galetes de tercers;<\/li>\n<li>acceptar cookies com no persistents (s&#8217;eliminen quan el navegador es tanca);<\/li>\n<li>permetre al servidor crear cookies per un domini diferent.<\/li>\n<\/ul>\n<p style=\"text-align: justify;\"><strong>Per permetre, con\u00e8ixer, bloquejar o eliminar les cookies instal\u00b7lades en el seu equip pot fer-ho mitjan\u00e7ant la configuraci\u00f3 de les opcions del navegador en el vostre ordinador.<\/strong><\/p>\n<p id=\"tw-target-text\" class=\"tw-data-text tw-ta tw-text-small\" dir=\"ltr\" data-placeholder=\"Traducci\u00f3n\"><span lang=\"ca\">Podeu trobar informaci\u00f3 sobre com configurar els navegadors m\u00e9s usats en les seg\u00fcents ubicacions:<\/span><\/p>\n<ul style=\"text-align: justify;\">\n<li><strong>Internet Explorer:<\/strong> Eines -&gt; Opcions d&#8217;Internet -&gt; Privacitat -&gt; Configuraci\u00f3. Per a m\u00e9s informaci\u00f3, pot consultar el <a href=\"https:\/\/support.microsoft.com\/es-es\/products\/windows?os=windows-10\">suport de Microsoft<\/a> o l&#8217;Ajuda del navegador.<\/li>\n<li>\n<p id=\"tw-target-text\" class=\"tw-data-text tw-ta tw-text-small\" dir=\"ltr\" data-placeholder=\"Traducci\u00f3n\"><span lang=\"ca\"><strong>Firefox:<\/strong> Eines -&gt; Opcions -&gt; Privadesa -&gt; Hist\u00f2ric -&gt; Configuraci\u00f3 Personalitzada. Per a m\u00e9s informaci\u00f3, podeu consultar el <a href=\"https:\/\/support.mozilla.org\/es\/\">suport de Mozilla<\/a> o l&#8217;Ajuda del navegador.<\/span><\/p>\n<\/li>\n<li>\n<p id=\"tw-target-text\" class=\"tw-data-text tw-ta tw-text-small\" dir=\"ltr\" data-placeholder=\"Traducci\u00f3n\"><strong>Chrome:<\/strong> Configuraci\u00f3 -&gt; Mostra opcions avan\u00e7ades -&gt; Privadesa -&gt; Configuraci\u00f3 de contingut. Per a m\u00e9s informaci\u00f3, podeu consultar el <a href=\"https:\/\/support.google.com\/chrome\/?hl=es#topic=7438008\">suport de Google<\/a> o l&#8217;Ajuda del navegador.<\/p>\n<\/li>\n<li>\n<p id=\"tw-target-text\" class=\"tw-data-text tw-ta tw-text-small\" dir=\"ltr\" data-placeholder=\"Traducci\u00f3n\"><span lang=\"ca\"><strong>Safari:<\/strong> Prefer\u00e8ncies -&gt; Seguretat. Per a m\u00e9s informaci\u00f3, pot consultar el <a href=\"https:\/\/support.apple.com\/es-es\/safari\">suport d&#8217;Apple<\/a> o l&#8217;Ajuda del navegador.<\/span><\/p>\n<\/li>\n<\/ul>\n<p style=\"text-align: justify;\">Respecte de les galetes de tercers, \u00e9s a dir aquelles que s\u00f3n alienes al nostre lloc web, no podem fer-nos responsables del contingut i veracitat de les pol\u00edtiques de privacitat que ells inclouen de manera que la informaci\u00f3 que li oferim \u00e9s sempre amb refer\u00e8ncia a la font.<\/p>\n<p style=\"text-align: justify;\">A continuaci\u00f3 us informem detalladament de les galetes que poden instal\u00b7lar-se des del nostre lloc web. En funci\u00f3 de la seva navegaci\u00f3 podran instal\u00b7lar-se totes o nom\u00e9s algunes d&#8217;elles.<\/p>\n<div id=\"listadodecookies\" style=\"text-align: justify;\">\n<table style=\"border: 1px solid black;\">\n<tbody>\n<tr align=\"center\">\n<td style=\"border: 1px solid black;\">Nom<\/td>\n<td style=\"border: 1px solid black;\">Categoria<\/td>\n<td style=\"border: 1px solid black;\">Descripci\u00f3<\/td>\n<td style=\"border: 1px solid black;\">Propietat<\/td>\n<td style=\"border: 1px solid black;\">Duraci\u00f3<\/td>\n<\/tr>\n<tr id=\"PHPSESSID\" align=\"center\">\n<td style=\"border: 1px solid black;\">PHPSESSID<\/td>\n<td style=\"border: 1px solid black;\">Funcionalitat<\/td>\n<td style=\"border: 1px solid black;\">Esta cookie es usado por el lenguaje de encriptado PHP para permitir que las variables de sesi\u00f3n sean guardadas en el servidor web.<\/td>\n<td style=\"border: 1px solid black;\">Pr\u00f2pia<\/td>\n<td style=\"border: 1px solid black;\">Finalitzaci\u00f3 de la sessi\u00f3<\/td>\n<\/tr>\n<tr id=\"wordpress_\" align=\"center\">\n<td style=\"border: 1px solid black;\">wordpress_<\/td>\n<td style=\"border: 1px solid black;\">Funcionalitat<\/td>\n<td style=\"border: 1px solid black;\">Se activa durante el login y guarda los detalles de autentificaci\u00f3n.<\/td>\n<td style=\"border: 1px solid black;\">Pr\u00f2pia<\/td>\n<td style=\"border: 1px solid black;\">1 any<\/td>\n<\/tr>\n<tr id=\"wordpress_logged_in_\" align=\"center\">\n<td style=\"border: 1px solid black;\">wordpress_logged_in_<\/td>\n<td style=\"border: 1px solid black;\">Funcionalitat<\/td>\n<td style=\"border: 1px solid black;\">Se activa durante el login y guarda los detalles de autentificaci\u00f3n.<\/td>\n<td style=\"border: 1px solid black;\">Pr\u00f2pia<\/td>\n<td style=\"border: 1px solid black;\">1 any<\/td>\n<\/tr>\n<tr id=\"wordpress_test_cookie\" align=\"center\">\n<td style=\"border: 1px solid black;\">wordpress_test_cookie<\/td>\n<td style=\"border: 1px solid black;\">Funcionalitat<\/td>\n<td style=\"border: 1px solid black;\">Se activa durante el login y guarda los detalles de autentificaci\u00f3n.<\/td>\n<td style=\"border: 1px solid black;\">Pr\u00f2pia<\/td>\n<td style=\"border: 1px solid black;\">1 any<\/td>\n<\/tr>\n<tr id=\"wp-settings-\" align=\"center\">\n<td style=\"border: 1px solid black;\">wp-settings-<\/td>\n<td style=\"border: 1px solid black;\">Funcionalitat<\/td>\n<td style=\"border: 1px solid black;\">Sirve para personalizar la Interfaz de Usuario.<\/td>\n<td style=\"border: 1px solid black;\">Pr\u00f2pia<\/td>\n<td style=\"border: 1px solid black;\">1 any<\/td>\n<\/tr>\n<tr id=\"wp-settings-time-\" align=\"center\">\n<td style=\"border: 1px solid black;\">wp-settings-time-<\/td>\n<td style=\"border: 1px solid black;\">Funcionalitat<\/td>\n<td style=\"border: 1px solid black;\">Sirve para personalizar la Interfaz de Usuario.<\/td>\n<td style=\"border: 1px solid black;\">Pr\u00f2pia<\/td>\n<td style=\"border: 1px solid black;\">Finalitzaci\u00f3 de la sessi\u00f3<\/td>\n<\/tr>\n<tr id=\"__cfduid\" align=\"center\">\n<td style=\"border: 1px solid black;\">__cfduid<\/td>\n<td style=\"border: 1px solid black;\">An\u00e1lisi<\/td>\n<td style=\"border: 1px solid black;\">Identifica el usuario que ha iniciado sesi\u00f3n para ofrecerle asistencia online.<\/td>\n<td style=\"border: 1px solid black;\">Tercers<\/td>\n<td style=\"border: 1px solid black;\">Finalitzaci\u00f3 de la sessi\u00f3<\/td>\n<\/tr>\n<tr id=\"_icl_current_admin_language_d41d8cd98f00b204e9800998ecf8427e\" align=\"center\">\n<td style=\"border: 1px solid black;\">_icl_current_admin_language_d41d8cd98f00b204e9800998ecf8427e<\/td>\n<td style=\"border: 1px solid black;\">Funcionalitat<\/td>\n<td style=\"border: 1px solid black;\">Sirve para establecer el idioma predeterminado de la interfaz de Usuario.<\/td>\n<td style=\"border: 1px solid black;\">Tercers<\/td>\n<td style=\"border: 1px solid black;\">1 any<\/td>\n<\/tr>\n<tr id=\"_icl_current_language\" align=\"center\">\n<td style=\"border: 1px solid black;\">_icl_current_language<\/td>\n<td style=\"border: 1px solid black;\">Funcionalitat<\/td>\n<td style=\"border: 1px solid black;\">Sirve para personalizar el idioma de la interfaz de Usuario.<\/td>\n<td style=\"border: 1px solid black;\">Tercers<\/td>\n<td style=\"border: 1px solid black;\">1 any<\/td>\n<\/tr>\n<tr id=\"grandtour_recently_view_tours\" align=\"center\">\n<td style=\"border: 1px solid black;\">grandtour_recently_view_tours<\/td>\n<td style=\"border: 1px solid black;\">Funcionalitat<\/td>\n<td style=\"border: 1px solid black;\">Sirve para mostrar los \u00faltimos circuitos visitados por el Usuario.<\/td>\n<td style=\"border: 1px solid black;\">Tercers<\/td>\n<td style=\"border: 1px solid black;\">1 any<\/td>\n<\/tr>\n<\/tbody>\n<\/table>\n<\/div>\n<p style=\"text-align: justify;\">Es pot modificar aquesta Pol\u00edtica de Cookies en funci\u00f3 d&#8217;exig\u00e8ncies legislatives, reglament\u00e0ries, o amb la finalitat d&#8217;adaptar aquesta pol\u00edtica a les instruccions dictades per l&#8217;Ag\u00e8ncia Espanyola de Protecci\u00f3 de Dades, per aix\u00f2 s&#8217;aconsella als Usuaris que la visitin peri\u00f2dicament.<\/p>\n<p style=\"text-align: justify;\">Quan es produeixin canvis significatius en aquesta Pol\u00edtica de Cookies, es comunicaran als Usuaris b\u00e9 mitjan\u00e7ant el web o mitjan\u00e7ant correu electr\u00f2nic als usuaris registrats.<\/p>\n<\/div>\n","protected":false},"excerpt":{"rendered":"<p>&nbsp; Al web https:\/\/www.viatgesmonobert.com utilitzem cookies per a facilitar la relaci\u00f3 dels visitants amb el nostre contingut i per permetre elaborar estad\u00edstiques sobre les visitants que rebem. En compliment de la Directiva 2009\/136 \/ CE, desenvolupada en el nostre ordenament [&hellip;]<\/p>\n","protected":false},"author":1,"featured_media":5587,"parent":0,"menu_order":0,"comment_status":"closed","ping_status":"closed","template":"","meta":{"footnotes":""},"class_list":["post-5586","page","type-page","status-publish","has-post-thumbnail","hentry"],"_links":{"self":[{"href":"https:\/\/www.viatgesmonobert.com\/ca\/wp-json\/wp\/v2\/pages\/5586","targetHints":{"allow":["GET"]}}],"collection":[{"href":"https:\/\/www.viatgesmonobert.com\/ca\/wp-json\/wp\/v2\/pages"}],"about":[{"href":"https:\/\/www.viatgesmonobert.com\/ca\/wp-json\/wp\/v2\/types\/page"}],"author":[{"embeddable":true,"href":"https:\/\/www.viatgesmonobert.com\/ca\/wp-json\/wp\/v2\/users\/1"}],"replies":[{"embeddable":true,"href":"https:\/\/www.viatgesmonobert.com\/ca\/wp-json\/wp\/v2\/comments?post=5586"}],"version-history":[{"count":2,"href":"https:\/\/www.viatgesmonobert.com\/ca\/wp-json\/wp\/v2\/pages\/5586\/revisions"}],"predecessor-version":[{"id":5589,"href":"https:\/\/www.viatgesmonobert.com\/ca\/wp-json\/wp\/v2\/pages\/5586\/revisions\/5589"}],"wp:featuredmedia":[{"embeddable":true,"href":"https:\/\/www.viatgesmonobert.com\/ca\/wp-json\/wp\/v2\/media\/5587"}],"wp:attachment":[{"href":"https:\/\/www.viatgesmonobert.com\/ca\/wp-json\/wp\/v2\/media?parent=5586"}],"curies":[{"name":"wp","href":"https:\/\/api.w.org\/{rel}","templated":true}]}}