{"id":5580,"date":"2018-04-10T11:37:56","date_gmt":"2018-04-10T11:37:56","guid":{"rendered":"https:\/\/effortsl.net\/clientes\/monobert\/contacto\/"},"modified":"2025-05-15T19:29:02","modified_gmt":"2025-05-15T19:29:02","slug":"contacto","status":"publish","type":"page","link":"https:\/\/www.viatgesmonobert.com\/ca\/contacto\/","title":{"rendered":"Contacte"},"content":{"rendered":"<div  class=\"one withsmallpadding ppb_contact_half_bg withbg parallax \" style=\"background-image:url(https:\/\/viatgesmonobert.com\/wp-content\/uploads\/2018\/04\/fondo_contacto.jpg);background-position: center center;padding:140px 0 140px 0;\" >\n<div class=\"standard_wrapper\">\n<div class=\"page_content_wrapper\">\n<div class=\"inner\">\n<div class=\"one_half_bg floatright\" style=\"background:#ffffff;background:rgb(255,255,255,1);background:rgba(255,255,255,1);\" data-stellar-ratio=\"1.3\">\n<h2 class=\"ppb_title\" style=\"\">Posa&#039;t en contacte amb nosaltres<\/h2>\n<div class=\"page_tagline\" style=\"\">Atendrem r\u00e0pidament la teva sol\u00b7licitud<\/div>\n<div class=\"contact_form7_wrapper\">\n<div role=\"form\" class=\"wpcf7\" id=\"wpcf7-f5579-o1\" lang=\"es-ES\" dir=\"ltr\">\n<div class=\"screen-reader-response\"><\/div>\n<form action=\"\/wp-admin\/post.php#wpcf7-f5579-o1\" method=\"post\" class=\"wpcf7-form\" novalidate=\"novalidate\">\n<div style=\"display: none;\">\n<input type=\"hidden\" name=\"_wpcf7\" value=\"5579\" \/><br \/>\n<input type=\"hidden\" name=\"_wpcf7_version\" value=\"5.0.2\" \/><br \/>\n<input type=\"hidden\" name=\"_wpcf7_locale\" value=\"es_ES\" \/><br \/>\n<input type=\"hidden\" name=\"_wpcf7_unit_tag\" value=\"wpcf7-f5579-o1\" \/><br \/>\n<input type=\"hidden\" name=\"_wpcf7_container_post\" value=\"0\" \/>\n<\/div>\n<div style=\"width:50%; float: left;margin-right: 1%; margin-left: 1%;\"><label> Nom*<br \/>\n<span class=\"wpcf7-form-control-wrap Nombre\"><input type=\"text\" name=\"Nombre\" value=\"\" size=\"40\" class=\"wpcf7-form-control wpcf7-text wpcf7-validates-as-required\" aria-required=\"true\" aria-invalid=\"false\" \/><\/span> <\/label>\n<\/div>\n<div style=\"width:46%; float: left; margin-right: 1%; margin-left: 1%;\"><label> Cognoms<br \/>\n  <span class=\"wpcf7-form-control-wrap Apellidos\"><input type=\"text\" name=\"Apellidos\" value=\"\" size=\"40\" class=\"wpcf7-form-control wpcf7-text\" aria-invalid=\"false\" \/><\/span> <\/label>\n<\/div>\n<div style=\"width:66%; float: left;margin-right: 1%; margin-left: 1%;\"><label> Direcci\u00f3<br \/>\n<span class=\"wpcf7-form-control-wrap Direccion\"><input type=\"text\" name=\"Direccion\" value=\"\" size=\"40\" class=\"wpcf7-form-control wpcf7-text\" aria-invalid=\"false\" \/><\/span> <\/label>\n<\/div>\n<div style=\"width:30%; float: left; margin-right: 1%; margin-left: 1%;\"><label> Cp*<br \/>\n    <span class=\"wpcf7-form-control-wrap Cp\"><input type=\"text\" name=\"Cp\" value=\"\" size=\"40\" class=\"wpcf7-form-control wpcf7-text wpcf7-validates-as-required\" aria-required=\"true\" aria-invalid=\"false\" \/><\/span> <\/label>\n<\/div>\n<div style=\"width:98%; float: left;margin-right: 1%; margin-left: 1%;\"><label> Poblaci\u00f3<br \/>\n    <span class=\"wpcf7-form-control-wrap Poblacion\"><input type=\"text\" name=\"Poblacion\" value=\"\" size=\"40\" class=\"wpcf7-form-control wpcf7-text\" aria-invalid=\"false\" \/><\/span> <\/label>\n<\/div>\n<div style=\"width:50%; float: left; margin-right: 1%; margin-left: 1%;\"><label> Tel\u00e8fon<br \/>\n<span class=\"wpcf7-form-control-wrap Telefono\"><input type=\"tel\" name=\"Telefono\" value=\"\" size=\"40\" class=\"wpcf7-form-control wpcf7-text wpcf7-tel wpcf7-validates-as-tel\" aria-invalid=\"false\" \/><\/span> <\/label>\n<\/div>\n<div style=\"width:46%; float: left; margin-right: 1%; margin-left: 1%;\"><label> E-mail*<br \/>\n    <span class=\"wpcf7-form-control-wrap e-mail\"><input type=\"email\" name=\"e-mail\" value=\"\" size=\"40\" class=\"wpcf7-form-control wpcf7-text wpcf7-email wpcf7-validates-as-required wpcf7-validates-as-email\" aria-required=\"true\" aria-invalid=\"false\" \/><\/span> <\/label>\n<\/div>\n<div style=\"width:98%; float: left; margin-right: 1%; margin-left: 1%;\"><label> Repetir e-mail*<br \/>\n    <span class=\"wpcf7-form-control-wrap e-mail-2\"><input type=\"email\" name=\"e-mail-2\" value=\"\" size=\"40\" class=\"wpcf7-form-control wpcf7-text wpcf7-email wpcf7-validates-as-required wpcf7-validates-as-email\" aria-required=\"true\" aria-invalid=\"false\" \/><\/span> <\/label>\n<\/div>\n<div style=\"width:98%; float: left;margin-right: 1%; margin-left: 1%;\"><label> Missatge*<br \/>\n    <span class=\"wpcf7-form-control-wrap Mensaje\"><textarea name=\"Mensaje\" cols=\"40\" rows=\"10\" class=\"wpcf7-form-control wpcf7-textarea wpcf7-validates-as-required\" aria-required=\"true\" aria-invalid=\"false\"><\/textarea><\/span> <\/label>\n<\/div>\n<p><span><span class=\"wpcf7-form-control-wrap acceptance-279\"><span class=\"wpcf7-form-control wpcf7-acceptance\"><span class=\"wpcf7-list-item\"><input type=\"checkbox\" name=\"acceptance-279\" value=\"1\" aria-invalid=\"false\" \/><\/span><\/span><\/span> Vost\u00e8 accepta, mitjan\u00e7ant la marcaci\u00f3 de la present casella, al tractament de les seves dades amb les finalitats descrites a la <a target=\"_blank\" href=\"https:\/\/viatgesmonobert.com\/politica-de-privacidad\">Pol\u00edtica de Privacitat<\/a>.<\/span><\/p>\n<p><span><span class=\"wpcf7-form-control-wrap acceptance-414\"><span class=\"wpcf7-form-control wpcf7-acceptance\"><span class=\"wpcf7-list-item\"><input type=\"checkbox\" name=\"acceptance-414\" value=\"1\" aria-invalid=\"false\" \/><\/span><\/span><\/span> Vost\u00e8 declara, mitjan\u00e7ant la marcaci\u00f3 de la present casella, sota la seva pr\u00f2pia responsabilitat, tenir complerts els catorze anys d&#8217;edat, responent de manera exclusiva i personal de la veracitat d&#8217;aquesta declaraci\u00f3 i assumint, per tant, les possibles responsabilitats legals al respecte.<\/span><\/p>\n<p><span><span class=\"wpcf7-form-control-wrap acceptance-415\"><span class=\"wpcf7-form-control wpcf7-acceptance\"><span class=\"wpcf7-list-item\"><input type=\"checkbox\" name=\"acceptance-415\" value=\"1\" aria-invalid=\"false\" \/><\/span><\/span><\/span> Vost\u00e8 accepta, mitjan\u00e7ant la marcaci\u00f3 de la present casella, per a la recepci\u00f3 de comunicacions comercials i de cortesia relacionades amb la nostra entitat a trav\u00e9s del tel\u00e8fon, correu postal ordinari, fax, correu electr\u00f2nic o mitjans de comunicaci\u00f3 electr\u00f2nica equivalents.<\/span><br \/> <input type=\"submit\" value=\"Enviar\" class=\"wpcf7-form-control wpcf7-submit\" \/><\/p>\n<div class=\"wpcf7-response-output wpcf7-display-none\"><\/div>\n<\/form>\n<\/div>\n<\/div>\n<\/div>\n<\/div>\n<\/div>\n<\/div>\n<\/div>\n<\/div>\n<div  class=\"one withsmallpadding ppb_header \" style=\"text-align:center;padding:40px 0 40px 0;\" >\n<div class=\"standard_wrapper\">\n<div class=\"page_content_wrapper\">\n<div class=\"inner\">\n<div style=\"margin:auto;width:100%\">\n<h2 class=\"ppb_title\" style=\"\">O vine a con\u00e8ixe&#039;ns<\/h2>\n<\/div>\n<\/div>\n<\/div>\n<\/div>\n<\/div>\n<div class=\"map_shortcode_wrapper\" id=\"map1747337342766952161\" style=\"width:100%;height:500px\">\n<div class=\"map-marker\" data-title=\"Floridablanca 54 B, entl. - 08015 - Barcelona\" data-latlng=\"41.376473454872084,2.156556397676468\" data-icon=\"https:\/\/viatgesmonobert.com\/wp-content\/uploads\/2018\/04\/map_marker-1.png\" >\n<div class=\"map-infowindow\">Floridablanca 54 B, entl. &#8211; 08015 &#8211; Barcelona<\/div>\n<\/div>\n<\/div>\n<div class=\"divider one\">&nbsp;<\/div>\n","protected":false},"excerpt":{"rendered":"<p>Posa&#039;t en contacte amb nosaltres Atendrem r\u00e0pidament la teva sol\u00b7licitud Nom* Cognoms Direcci\u00f3 Cp* Poblaci\u00f3 Tel\u00e8fon E-mail* Repetir e-mail* Missatge* Vost\u00e8 accepta, mitjan\u00e7ant la marcaci\u00f3 de la present casella, al tractament de les seves dades amb les finalitats descrites a [&hellip;]<\/p>\n","protected":false},"author":2,"featured_media":0,"parent":0,"menu_order":0,"comment_status":"closed","ping_status":"closed","template":"","meta":{"footnotes":""},"class_list":["post-5580","page","type-page","status-publish","hentry"],"_links":{"self":[{"href":"https:\/\/www.viatgesmonobert.com\/ca\/wp-json\/wp\/v2\/pages\/5580","targetHints":{"allow":["GET"]}}],"collection":[{"href":"https:\/\/www.viatgesmonobert.com\/ca\/wp-json\/wp\/v2\/pages"}],"about":[{"href":"https:\/\/www.viatgesmonobert.com\/ca\/wp-json\/wp\/v2\/types\/page"}],"author":[{"embeddable":true,"href":"https:\/\/www.viatgesmonobert.com\/ca\/wp-json\/wp\/v2\/users\/2"}],"replies":[{"embeddable":true,"href":"https:\/\/www.viatgesmonobert.com\/ca\/wp-json\/wp\/v2\/comments?post=5580"}],"version-history":[{"count":9,"href":"https:\/\/www.viatgesmonobert.com\/ca\/wp-json\/wp\/v2\/pages\/5580\/revisions"}],"predecessor-version":[{"id":11294,"href":"https:\/\/www.viatgesmonobert.com\/ca\/wp-json\/wp\/v2\/pages\/5580\/revisions\/11294"}],"wp:attachment":[{"href":"https:\/\/www.viatgesmonobert.com\/ca\/wp-json\/wp\/v2\/media?parent=5580"}],"curies":[{"name":"wp","href":"https:\/\/api.w.org\/{rel}","templated":true}]}}