{"id":5562,"date":"2018-05-21T19:00:51","date_gmt":"2018-05-21T19:00:51","guid":{"rendered":"https:\/\/effortsl.net\/clientes\/monobert\/oriente-medio\/"},"modified":"2018-06-21T11:46:14","modified_gmt":"2018-06-21T11:46:14","slug":"oriente-medio","status":"publish","type":"page","link":"https:\/\/www.viatgesmonobert.com\/ca\/oriente-medio\/","title":{"rendered":"Orient Mitj\u00e0"},"content":{"rendered":"<div  class=\"one withsmallpadding ppb_tour_search\" style=\"padding:0 !important;z-index:2;margin-top:-20px;\" >\n<div class=\"standard_wrapper\">\n<div class=\"page_content_wrapper\">\n<div class=\"inner\">\n<form id=\"tour_search_form\" class=\"tour_search_form\" method=\"get\" action=\"https:\/\/viatgesmonobert.com\/ca\/busqueda\/\">\n<div class=\"tour_search_wrapper\">\n<div class=\"one_fourth themeborder\">\n    \t\t<input id=\"keyword\" name=\"keyword\" type=\"text\" autocomplete=\"off\" placeholder=\"\u00bfA d\u00f3nde vas?\"\/><br \/>\n    \t\t<span class=\"ti-search\"><\/span><\/p>\n<div id=\"autocomplete\" class=\"autocomplete\" data-mousedown=\"false\"><\/div>\n<\/p><\/div>\n<div class=\"one_fourth themeborder\"><select id=\"month\" name=\"month\"><option value=\"\">Seleccionar mes<\/option><option value=\"january\">Enero<\/option><option value=\"february\">Febrero<\/option><option value=\"march\">Marzo<\/option><option value=\"april\">Abril<\/option><option value=\"may\">Mayo<\/option><option value=\"june\">Junio<\/option><option value=\"july\">Julio<\/option><option value=\"august\">Agosto<\/option><option value=\"september\">Septiembre<\/option><option value=\"october\">Octubre<\/option><option value=\"november\">Noviembre<\/option><option value=\"december\">Diciembre<\/option><\/select><br \/>\n    \t\t<span class=\"ti-calendar\"><\/span>\n    \t<\/div>\n<div class=\"one_fourth themeborder\"><select id=\"sort_by\" name=\"sort_by\"><option value=\"date\">Ordenar por fecha<\/option><option value=\"price_low\">De menor a mayor precio<\/option><option value=\"price_high\">De mayor a menor precio<\/option><option value=\"name\">Ordenar por nombre<\/option><option value=\"popular\">Ordenar por popularidad<\/option><option value=\"review\">Ordenar por puntuaci\u00f3n<\/option><\/select><br \/>\n    \t\t<span class=\"ti-exchange-vertical\"><\/span>\n    \t<\/div>\n<div class=\"one_fourth last themeborder\">\n    \t\t<input id=\"tour_search_btn\" type=\"submit\" class=\"button\" value=\"Buscar\"\/>\n    \t<\/div>\n<\/p><\/div>\n<\/form>\n<\/div>\n<\/div>\n<\/div>\n<\/div>\n<div  class=\"ppb_tour_classic one nopadding \" >\n<div class=\"page_content_wrapper page_main_content sidebar_content full_width fixed_column\">\n<div class=\"standard_wrapper\">\n<div id=\"15295815742118671037\" class=\"portfolio_filter_wrapper gallery classic three_cols\" data-columns=\"3\">\n<div class=\"element grid classic3_cols animated1\">\n<div class=\"one_third gallery3 classic static filterable portfolio_type themeborder\"><a class=\"tour_image\" href=\"https:\/\/viatgesmonobert.com\/ca\/tour\/armenia-esencial\/\"><br \/>\n\t\t\t\t\t<img decoding=\"async\" src=\"https:\/\/viatgesmonobert.com\/wp-content\/uploads\/2018\/05\/Armenia-Esencial-700x466.jpg\" alt=\"Arm\u00e8nia Essencial\" \/><\/p>\n<div class=\"tour_price \">Des de 470 \u20ac<\/div>\n<p><\/a><\/p>\n<div class=\"portfolio_info_wrapper\">\n        \t\t    <a class=\"tour_link\" href=\"https:\/\/viatgesmonobert.com\/ca\/tour\/armenia-esencial\/\"><\/p>\n<h4>Arm\u00e8nia Essencial<\/h4>\n<p><\/a><\/p>\n<div class=\"tour_excerpt\">\n<p>Armenia es una peque\u00f1a naci\u00f3n monta\u00f1osa al este de Turqu\u00eda<\/p>\n<\/div>\n<div class=\"tour_attribute_wrapper\">\n<div class=\"tour_attribute_days\">\n\t\t\t    \t\t\t    <span class=\"ti-time\"><\/span>8&nbsp;d\u00edas<\/div>\n<\/div>\n<p>        \t\t    <br class=\"clear\"\/>\n\t\t\t\t<\/div>\n<\/div>\n<\/div>\n<div class=\"element grid classic3_cols animated2\">\n<div class=\"one_third gallery3 classic static filterable portfolio_type themeborder\"><a class=\"tour_image\" href=\"https:\/\/viatgesmonobert.com\/ca\/tour\/ruta-caucasica\/\"><br \/>\n\t\t\t\t\t<img decoding=\"async\" src=\"https:\/\/viatgesmonobert.com\/wp-content\/uploads\/2018\/05\/Ruta-Cauc\u00e1sica-700x466.jpg\" alt=\"Arm\u00e8nia i Ge\u00f2rgia &#8211; Ruta Cauc\u00e0sica\" \/><\/p>\n<div class=\"tour_price \">Des de 982 \u20ac<\/div>\n<p><\/a><\/p>\n<div class=\"portfolio_info_wrapper\">\n        \t\t    <a class=\"tour_link\" href=\"https:\/\/viatgesmonobert.com\/ca\/tour\/ruta-caucasica\/\"><\/p>\n<h4>Arm\u00e8nia i Ge\u00f2rgia &#8211; Ruta Cauc\u00e0sica<\/h4>\n<p><\/a><\/p>\n<div class=\"tour_excerpt\">\n<p>Georgia y Armenia son dos de los m\u00e1s antiguos pa\u00edses cristianos<\/p>\n<\/div>\n<div class=\"tour_attribute_wrapper\">\n<div class=\"tour_attribute_days\">\n\t\t\t    \t\t\t    <span class=\"ti-time\"><\/span>9&nbsp;d\u00edas<\/div>\n<\/div>\n<p>        \t\t    <br class=\"clear\"\/>\n\t\t\t\t<\/div>\n<\/div>\n<\/div>\n<div class=\"element grid classic3_cols animated3\">\n<div class=\"one_third gallery3 classic static filterable portfolio_type themeborder\"><a class=\"tour_image\" href=\"https:\/\/viatgesmonobert.com\/ca\/tour\/armenia-total-con-senderismo-facil\/\"><br \/>\n\t\t\t\t\t<img decoding=\"async\" src=\"https:\/\/viatgesmonobert.com\/wp-content\/uploads\/2018\/05\/Armenia-Total-con-Senderismo-F\u00e1cil2-700x466.jpg\" alt=\"Arm\u00e8nia Total &#8211; Senderisme F\u00e0cil\" \/><\/p>\n<div class=\"tour_price \">Des de 990 \u20ac<\/div>\n<p><\/a><\/p>\n<div class=\"portfolio_info_wrapper\">\n        \t\t    <a class=\"tour_link\" href=\"https:\/\/viatgesmonobert.com\/ca\/tour\/armenia-total-con-senderismo-facil\/\"><\/p>\n<h4>Arm\u00e8nia Total &#8211; Senderisme F\u00e0cil<\/h4>\n<p><\/a><\/p>\n<div class=\"tour_excerpt\">\n<p>Un pa\u00eds bastante desconocido pero con una cultura milenaria<\/p>\n<\/div>\n<div class=\"tour_attribute_wrapper\">\n<div class=\"tour_attribute_days\">\n\t\t\t    \t\t\t    <span class=\"ti-time\"><\/span>13&nbsp;d\u00edas<\/div>\n<\/div>\n<p>        \t\t    <br class=\"clear\"\/>\n\t\t\t\t<\/div>\n<\/div>\n<\/div>\n<div class=\"element grid classic3_cols animated4\">\n<div class=\"one_third gallery3 classic static filterable portfolio_type themeborder\"><a class=\"tour_image\" href=\"https:\/\/viatgesmonobert.com\/ca\/tour\/emiratos-a-fondo\/\"><br \/>\n\t\t\t\t\t<img decoding=\"async\" src=\"https:\/\/viatgesmonobert.com\/wp-content\/uploads\/2018\/05\/Emiratos-A-Fondo-700x466.jpg\" alt=\"Emirats A Fons\" \/><\/p>\n<div class=\"tour_price \">Des de 1230 \u20ac<\/div>\n<p><\/a><\/p>\n<div class=\"portfolio_info_wrapper\">\n        \t\t    <a class=\"tour_link\" href=\"https:\/\/viatgesmonobert.com\/ca\/tour\/emiratos-a-fondo\/\"><\/p>\n<h4>Emirats A Fons<\/h4>\n<p><\/a><\/p>\n<div class=\"tour_excerpt\">\n<p>Uno de los principales destinos en el golfo P\u00e9rsico<\/p>\n<\/div>\n<div class=\"tour_attribute_wrapper\">\n<div class=\"tour_attribute_days\">\n\t\t\t    \t\t\t    <span class=\"ti-time\"><\/span>8&nbsp;d\u00edas<\/div>\n<\/div>\n<p>        \t\t    <br class=\"clear\"\/>\n\t\t\t\t<\/div>\n<\/div>\n<\/div>\n<div class=\"element grid classic3_cols animated5\">\n<div class=\"one_third gallery3 classic static filterable portfolio_type themeborder\"><a class=\"tour_image\" href=\"https:\/\/viatgesmonobert.com\/ca\/tour\/esencia-georgiana\/\"><br \/>\n\t\t\t\t\t<img decoding=\"async\" src=\"https:\/\/viatgesmonobert.com\/wp-content\/uploads\/2018\/05\/Esencia-Georgiana2-700x466.jpg\" alt=\"Ge\u00f2rgia &#8211; Ess\u00e8ncia Georgiana\" \/><\/p>\n<div class=\"tour_price \">Des de 868 \u20ac<\/div>\n<p><\/a><\/p>\n<div class=\"portfolio_info_wrapper\">\n        \t\t    <a class=\"tour_link\" href=\"https:\/\/viatgesmonobert.com\/ca\/tour\/esencia-georgiana\/\"><\/p>\n<h4>Ge\u00f2rgia &#8211; Ess\u00e8ncia Georgiana<\/h4>\n<p><\/a><\/p>\n<div class=\"tour_excerpt\">\n<p>Georgia posee una herencia cultural \u00fanica<\/p>\n<\/div>\n<div class=\"tour_attribute_wrapper\">\n<div class=\"tour_attribute_days\">\n\t\t\t    \t\t\t    <span class=\"ti-time\"><\/span>8&nbsp;d\u00edas<\/div>\n<\/div>\n<p>        \t\t    <br class=\"clear\"\/>\n\t\t\t\t<\/div>\n<\/div>\n<\/div>\n<div class=\"element grid classic3_cols animated6\">\n<div class=\"one_third gallery3 classic static filterable portfolio_type themeborder\"><a class=\"tour_image\" href=\"https:\/\/viatgesmonobert.com\/ca\/tour\/la-ruta-clasica\/\"><br \/>\n\t\t\t\t\t<img decoding=\"async\" src=\"https:\/\/viatgesmonobert.com\/wp-content\/uploads\/2018\/05\/La-Ruta-Cl\u00e1sica-700x466.jpg\" alt=\"Iran &#8211; La Ruta Cl\u00e0ssica\" \/><\/p>\n<div class=\"tour_price \">Des de 1042 \u20ac<\/div>\n<p><\/a><\/p>\n<div class=\"portfolio_info_wrapper\">\n        \t\t    <a class=\"tour_link\" href=\"https:\/\/viatgesmonobert.com\/ca\/tour\/la-ruta-clasica\/\"><\/p>\n<h4>Iran &#8211; La Ruta Cl\u00e0ssica<\/h4>\n<p><\/a><\/p>\n<div class=\"tour_excerpt\">\n<p>Magn\u00edficas ruinas de antiguas ciudades<\/p>\n<\/div>\n<div class=\"tour_attribute_wrapper\">\n<div class=\"tour_attribute_days\">\n\t\t\t    \t\t\t    <span class=\"ti-time\"><\/span>13&nbsp;d\u00edas<\/div>\n<\/div>\n<p>        \t\t    <br class=\"clear\"\/>\n\t\t\t\t<\/div>\n<\/div>\n<\/div>\n<div class=\"element grid classic3_cols animated7\">\n<div class=\"one_third gallery3 classic static filterable portfolio_type themeborder\"><a class=\"tour_image\" href=\"https:\/\/viatgesmonobert.com\/ca\/tour\/pascua-irani\/\"><br \/>\n\t\t\t\t\t<img decoding=\"async\" src=\"https:\/\/viatgesmonobert.com\/wp-content\/uploads\/2018\/05\/Pascua-Iran\u00ed2-700x466.jpg\" alt=\"Iran &#8211; Pasqua Irani\u00e0\" \/><\/p>\n<div class=\"tour_price \">Des de 1525 \u20ac<\/div>\n<p><\/a><\/p>\n<div class=\"portfolio_info_wrapper\">\n        \t\t    <a class=\"tour_link\" href=\"https:\/\/viatgesmonobert.com\/ca\/tour\/pascua-irani\/\"><\/p>\n<h4>Iran &#8211; Pasqua Irani\u00e0<\/h4>\n<p><\/a><\/p>\n<div class=\"tour_excerpt\">\n<p>Corto itinerario con todo lo m\u00e1s caracter\u00edstico de Ir\u00e1n <\/p>\n<\/div>\n<div class=\"tour_attribute_wrapper\">\n<div class=\"tour_attribute_days\">\n\t\t\t    \t\t\t    <span class=\"ti-time\"><\/span>10&nbsp;d\u00edas<\/div>\n<\/div>\n<p>        \t\t    <br class=\"clear\"\/>\n\t\t\t\t<\/div>\n<\/div>\n<\/div>\n<div class=\"element grid classic3_cols animated8\">\n<div class=\"one_third gallery3 classic static filterable portfolio_type themeborder\"><a class=\"tour_image\" href=\"https:\/\/viatgesmonobert.com\/ca\/tour\/iran-lo-mejor\/\"><br \/>\n\t\t\t\t\t<img decoding=\"async\" src=\"https:\/\/viatgesmonobert.com\/wp-content\/uploads\/2018\/05\/Ir\u00e1n-Lo-Mejor2-700x466.jpg\" alt=\"Iran El Millor\" \/><\/p>\n<div class=\"tour_price \">Des de 1950 \u20ac<\/div>\n<p><\/a><\/p>\n<div class=\"portfolio_info_wrapper\">\n        \t\t    <a class=\"tour_link\" href=\"https:\/\/viatgesmonobert.com\/ca\/tour\/iran-lo-mejor\/\"><\/p>\n<h4>Iran El Millor<\/h4>\n<p><\/a><\/p>\n<div class=\"tour_excerpt\">\n<p>Encontramos tantos alicientes como si estuvi\u00e9ramos visitando varios pa\u00edses<\/p>\n<\/div>\n<div class=\"tour_attribute_wrapper\">\n<div class=\"tour_attribute_days\">\n\t\t\t    \t\t\t    <span class=\"ti-time\"><\/span>15&nbsp;d\u00edas<\/div>\n<\/div>\n<p>        \t\t    <br class=\"clear\"\/>\n\t\t\t\t<\/div>\n<\/div>\n<\/div>\n<div class=\"element grid classic3_cols animated9\">\n<div class=\"one_third gallery3 classic static filterable portfolio_type themeborder\"><a class=\"tour_image\" href=\"https:\/\/viatgesmonobert.com\/ca\/tour\/la-ruta-tradicional\/\"><br \/>\n\t\t\t\t\t<img decoding=\"async\" src=\"https:\/\/viatgesmonobert.com\/wp-content\/uploads\/2018\/05\/La-Ruta-Tradicional-700x466.jpg\" alt=\"Jord\u00e0nia &#8211; La Ruta Tradicional\" \/><\/p>\n<div class=\"tour_price \">Des de 1217 \u20ac<\/div>\n<p><\/a><\/p>\n<div class=\"portfolio_info_wrapper\">\n        \t\t    <a class=\"tour_link\" href=\"https:\/\/viatgesmonobert.com\/ca\/tour\/la-ruta-tradicional\/\"><\/p>\n<h4>Jord\u00e0nia &#8211; La Ruta Tradicional<\/h4>\n<p><\/a><\/p>\n<div class=\"tour_excerpt\">\n<p>Petra, la m\u00edtica ciudad Nabatea<\/p>\n<\/div>\n<div class=\"tour_attribute_wrapper\">\n<div class=\"tour_attribute_days\">\n\t\t\t    \t\t\t    <span class=\"ti-time\"><\/span>8&nbsp;d\u00edas<\/div>\n<\/div>\n<p>        \t\t    <br class=\"clear\"\/>\n\t\t\t\t<\/div>\n<\/div>\n<\/div>\n<div class=\"element grid classic3_cols animated10\">\n<div class=\"one_third gallery3 classic static filterable portfolio_type themeborder\"><a class=\"tour_image\" href=\"https:\/\/viatgesmonobert.com\/ca\/tour\/jordania-intensa\/\"><br \/>\n\t\t\t\t\t<img decoding=\"async\" src=\"https:\/\/viatgesmonobert.com\/wp-content\/uploads\/2018\/05\/Jordania-Intensa-700x466.jpg\" alt=\"Jord\u00e0nia Intensa\" \/><\/p>\n<div class=\"tour_price \">Des de 1437 \u20ac<\/div>\n<p><\/a><\/p>\n<div class=\"portfolio_info_wrapper\">\n        \t\t    <a class=\"tour_link\" href=\"https:\/\/viatgesmonobert.com\/ca\/tour\/jordania-intensa\/\"><\/p>\n<h4>Jord\u00e0nia Intensa<\/h4>\n<p><\/a><\/p>\n<div class=\"tour_excerpt\">\n<p>Lo m\u00e1s interesante y conocido del reino Jordano<\/p>\n<\/div>\n<div class=\"tour_attribute_wrapper\">\n<div class=\"tour_attribute_days\">\n\t\t\t    \t\t\t    <span class=\"ti-time\"><\/span>8&nbsp;d\u00edas<\/div>\n<\/div>\n<p>        \t\t    <br class=\"clear\"\/>\n\t\t\t\t<\/div>\n<\/div>\n<\/div>\n<div class=\"element grid classic3_cols animated11\">\n<div class=\"one_third gallery3 classic static filterable portfolio_type themeborder\"><a class=\"tour_image\" href=\"https:\/\/viatgesmonobert.com\/ca\/tour\/antigua-fenicia\/\"><br \/>\n\t\t\t\t\t<img decoding=\"async\" src=\"https:\/\/viatgesmonobert.com\/wp-content\/uploads\/2018\/05\/Antigua-Fenicia-700x466.jpg\" alt=\"L\u00edban &#8211; Antiga Fen\u00edcia\" \/><\/p>\n<div class=\"tour_price \">Des de 1165 \u20ac<\/div>\n<p><\/a><\/p>\n<div class=\"portfolio_info_wrapper\">\n        \t\t    <a class=\"tour_link\" href=\"https:\/\/viatgesmonobert.com\/ca\/tour\/antigua-fenicia\/\"><\/p>\n<h4>L\u00edban &#8211; Antiga Fen\u00edcia<\/h4>\n<p><\/a><\/p>\n<div class=\"tour_excerpt\">\n<p>L\u00edbano ha recogido a trav\u00e9s del tiempo la pura esencia mediterr\u00e1nea <\/p>\n<\/div>\n<div class=\"tour_attribute_wrapper\">\n<div class=\"tour_attribute_days\">\n\t\t\t    \t\t\t    <span class=\"ti-time\"><\/span>8&nbsp;d\u00edas<\/div>\n<\/div>\n<p>        \t\t    <br class=\"clear\"\/>\n\t\t\t\t<\/div>\n<\/div>\n<\/div>\n<div class=\"element grid classic3_cols animated12\">\n<div class=\"one_third gallery3 classic static filterable portfolio_type themeborder\"><a class=\"tour_image\" href=\"https:\/\/viatgesmonobert.com\/ca\/tour\/desierto-de-rub-al-khali\/\"><br \/>\n\t\t\t\t\t<img decoding=\"async\" src=\"https:\/\/viatgesmonobert.com\/wp-content\/uploads\/2018\/05\/Desierto-de-Rub\u2019-Al-Khali2-700x466.jpg\" alt=\"Oman &#8211; Desert de Rub &#8216;Al Khali\" \/><\/p>\n<div class=\"tour_price \">Des de 2446 \u20ac<\/div>\n<p><\/a><\/p>\n<div class=\"portfolio_info_wrapper\">\n        \t\t    <a class=\"tour_link\" href=\"https:\/\/viatgesmonobert.com\/ca\/tour\/desierto-de-rub-al-khali\/\"><\/p>\n<h4>Oman &#8211; Desert de Rub &#8216;Al Khali<\/h4>\n<p><\/a><\/p>\n<div class=\"tour_excerpt\">\n<p>El pa\u00eds ofrece un destino que conserva la antigua magia<\/p>\n<\/div>\n<div class=\"tour_attribute_wrapper\">\n<div class=\"tour_attribute_days\">\n\t\t\t    \t\t\t    <span class=\"ti-time\"><\/span>10&nbsp;d\u00edas<\/div>\n<\/div>\n<p>        \t\t    <br class=\"clear\"\/>\n\t\t\t\t<\/div>\n<\/div>\n<\/div>\n<div class=\"element grid classic3_cols animated13\">\n<div class=\"one_third gallery3 classic static filterable portfolio_type themeborder\"><a class=\"tour_image\" href=\"https:\/\/viatgesmonobert.com\/ca\/tour\/oman-autentico\/\"><br \/>\n\t\t\t\t\t<img decoding=\"async\" src=\"https:\/\/viatgesmonobert.com\/wp-content\/uploads\/2018\/05\/Om\u00e1n-Aut\u00e9ntico-700x466.jpg\" alt=\"Oman Aut\u00e8ntic\" \/><\/p>\n<div class=\"tour_price \">Des de 2054 \u20ac<\/div>\n<p><\/a><\/p>\n<div class=\"portfolio_info_wrapper\">\n        \t\t    <a class=\"tour_link\" href=\"https:\/\/viatgesmonobert.com\/ca\/tour\/oman-autentico\/\"><\/p>\n<h4>Oman Aut\u00e8ntic<\/h4>\n<p><\/a><\/p>\n<div class=\"tour_excerpt\">\n<p>La antigua magia de las poblaciones que habitaban el golfo P\u00e9rsico<\/p>\n<\/div>\n<div class=\"tour_attribute_wrapper\">\n<div class=\"tour_attribute_days\">\n\t\t\t    \t\t\t    <span class=\"ti-time\"><\/span>9&nbsp;d\u00edas<\/div>\n<\/div>\n<p>        \t\t    <br class=\"clear\"\/>\n\t\t\t\t<\/div>\n<\/div>\n<\/div>\n<div class=\"element grid classic3_cols animated14\">\n<div class=\"one_third gallery3 classic static filterable portfolio_type themeborder\"><a class=\"tour_image\" href=\"https:\/\/viatgesmonobert.com\/ca\/tour\/libano-intenso\/\"><br \/>\n\t\t\t\t\t<img decoding=\"async\" src=\"https:\/\/viatgesmonobert.com\/wp-content\/uploads\/2018\/05\/Om\u00e1n.-Costa-y-Vergel2-700x466.jpg\" alt=\"Oman. Costa i Verger\" \/><\/p>\n<div class=\"tour_price \">Des de 1895 \u20ac<\/div>\n<p><\/a><\/p>\n<div class=\"portfolio_info_wrapper\">\n        \t\t    <a class=\"tour_link\" href=\"https:\/\/viatgesmonobert.com\/ca\/tour\/libano-intenso\/\"><\/p>\n<h4>Oman. Costa i Verger<\/h4>\n<p><\/a><\/p>\n<div class=\"tour_excerpt\">\n<p>El pa\u00eds ofrece un destino que conserva la antigua magia<\/p>\n<\/div>\n<div class=\"tour_attribute_wrapper\">\n<div class=\"tour_attribute_days\">\n\t\t\t    \t\t\t    <span class=\"ti-time\"><\/span>11&nbsp;d\u00edas<\/div>\n<\/div>\n<p>        \t\t    <br class=\"clear\"\/>\n\t\t\t\t<\/div>\n<\/div>\n<\/div>\n<\/div>\n<\/div>\n<\/div>\n<\/div>\n<div class=\"divider one\">&nbsp;<\/div>\n","protected":false},"excerpt":{"rendered":"<p>Seleccionar mesEneroFebreroMarzoAbrilMayoJunioJulioAgostoSeptiembreOctubreNoviembreDiciembre Ordenar por fechaDe menor a mayor precioDe mayor a menor precioOrdenar por nombreOrdenar por popularidadOrdenar por puntuaci\u00f3n Des de 470 \u20ac Arm\u00e8nia Essencial Armenia es una peque\u00f1a naci\u00f3n monta\u00f1osa al este de Turqu\u00eda 8&nbsp;d\u00edas Des de 982 \u20ac [&hellip;]<\/p>\n","protected":false},"author":2,"featured_media":5563,"parent":0,"menu_order":0,"comment_status":"closed","ping_status":"closed","template":"","meta":{"footnotes":""},"class_list":["post-5562","page","type-page","status-publish","has-post-thumbnail","hentry"],"_links":{"self":[{"href":"https:\/\/www.viatgesmonobert.com\/ca\/wp-json\/wp\/v2\/pages\/5562","targetHints":{"allow":["GET"]}}],"collection":[{"href":"https:\/\/www.viatgesmonobert.com\/ca\/wp-json\/wp\/v2\/pages"}],"about":[{"href":"https:\/\/www.viatgesmonobert.com\/ca\/wp-json\/wp\/v2\/types\/page"}],"author":[{"embeddable":true,"href":"https:\/\/www.viatgesmonobert.com\/ca\/wp-json\/wp\/v2\/users\/2"}],"replies":[{"embeddable":true,"href":"https:\/\/www.viatgesmonobert.com\/ca\/wp-json\/wp\/v2\/comments?post=5562"}],"version-history":[{"count":5,"href":"https:\/\/www.viatgesmonobert.com\/ca\/wp-json\/wp\/v2\/pages\/5562\/revisions"}],"predecessor-version":[{"id":6226,"href":"https:\/\/www.viatgesmonobert.com\/ca\/wp-json\/wp\/v2\/pages\/5562\/revisions\/6226"}],"wp:featuredmedia":[{"embeddable":true,"href":"https:\/\/www.viatgesmonobert.com\/ca\/wp-json\/wp\/v2\/media\/5563"}],"wp:attachment":[{"href":"https:\/\/www.viatgesmonobert.com\/ca\/wp-json\/wp\/v2\/media?parent=5562"}],"curies":[{"name":"wp","href":"https:\/\/api.w.org\/{rel}","templated":true}]}}