{"id":5542,"date":"2018-05-21T19:01:54","date_gmt":"2018-05-21T19:01:54","guid":{"rendered":"https:\/\/effortsl.net\/clientes\/monobert\/india-nepal-tiber-bhutan\/"},"modified":"2018-06-21T11:43:29","modified_gmt":"2018-06-21T11:43:29","slug":"india-nepal-tiber-bhutan","status":"publish","type":"page","link":"https:\/\/www.viatgesmonobert.com\/ca\/india-nepal-tiber-bhutan\/","title":{"rendered":"\u00cdndia, Nepal, Tibet, Bhutan"},"content":{"rendered":"<div  class=\"one withsmallpadding ppb_tour_search\" style=\"padding:0 !important;z-index:2;margin-top:-20px;\" >\n<div class=\"standard_wrapper\">\n<div class=\"page_content_wrapper\">\n<div class=\"inner\">\n<form id=\"tour_search_form\" class=\"tour_search_form\" method=\"get\" action=\"https:\/\/viatgesmonobert.com\/ca\/busqueda\/\">\n<div class=\"tour_search_wrapper\">\n<div class=\"one_fourth themeborder\">\n    \t\t<input id=\"keyword\" name=\"keyword\" type=\"text\" autocomplete=\"off\" placeholder=\"\u00bfA d\u00f3nde vas?\"\/><br \/>\n    \t\t<span class=\"ti-search\"><\/span><\/p>\n<div id=\"autocomplete\" class=\"autocomplete\" data-mousedown=\"false\"><\/div>\n<\/p><\/div>\n<div class=\"one_fourth themeborder\"><select id=\"month\" name=\"month\"><option value=\"\">Seleccionar mes<\/option><option value=\"january\">Enero<\/option><option value=\"february\">Febrero<\/option><option value=\"march\">Marzo<\/option><option value=\"april\">Abril<\/option><option value=\"may\">Mayo<\/option><option value=\"june\">Junio<\/option><option value=\"july\">Julio<\/option><option value=\"august\">Agosto<\/option><option value=\"september\">Septiembre<\/option><option value=\"october\">Octubre<\/option><option value=\"november\">Noviembre<\/option><option value=\"december\">Diciembre<\/option><\/select><br \/>\n    \t\t<span class=\"ti-calendar\"><\/span>\n    \t<\/div>\n<div class=\"one_fourth themeborder\"><select id=\"sort_by\" name=\"sort_by\"><option value=\"date\">Ordenar por fecha<\/option><option value=\"price_low\">De menor a mayor precio<\/option><option value=\"price_high\">De mayor a menor precio<\/option><option value=\"name\">Ordenar por nombre<\/option><option value=\"popular\">Ordenar por popularidad<\/option><option value=\"review\">Ordenar por puntuaci\u00f3n<\/option><\/select><br \/>\n    \t\t<span class=\"ti-exchange-vertical\"><\/span>\n    \t<\/div>\n<div class=\"one_fourth last themeborder\">\n    \t\t<input id=\"tour_search_btn\" type=\"submit\" class=\"button\" value=\"Buscar\"\/>\n    \t<\/div>\n<\/p><\/div>\n<\/form>\n<\/div>\n<\/div>\n<\/div>\n<\/div>\n<div  class=\"ppb_tour_classic one nopadding \" >\n<div class=\"page_content_wrapper page_main_content sidebar_content full_width fixed_column\">\n<div class=\"standard_wrapper\">\n<div id=\"1529581409126698761\" class=\"portfolio_filter_wrapper gallery classic three_cols\" data-columns=\"3\">\n<div class=\"element grid classic3_cols animated1\">\n<div class=\"one_third gallery3 classic static filterable portfolio_type themeborder\"><a class=\"tour_image\" href=\"https:\/\/viatgesmonobert.com\/ca\/tour\/la-tierra-del-dragon\/\"><br \/>\n\t\t\t\t\t<img decoding=\"async\" src=\"https:\/\/viatgesmonobert.com\/wp-content\/uploads\/2018\/05\/La-Tierra-del-Dragon-700x466.jpg\" alt=\"Bhutan &#8211; La Terra del Drac\" \/><\/p>\n<div class=\"tour_price \">Des de 3095 \u20ac<\/div>\n<p><\/a><\/p>\n<div class=\"portfolio_info_wrapper\">\n        \t\t    <a class=\"tour_link\" href=\"https:\/\/viatgesmonobert.com\/ca\/tour\/la-tierra-del-dragon\/\"><\/p>\n<h4>Bhutan &#8211; La Terra del Drac<\/h4>\n<p><\/a><\/p>\n<div class=\"tour_excerpt\">\n<p>Un pa\u00eds poco visitado, voluntariamente aislado y remoto durante siglos<\/p>\n<\/div>\n<div class=\"tour_attribute_wrapper\">\n<div class=\"tour_attribute_days\">\n\t\t\t    \t\t\t    <span class=\"ti-time\"><\/span>15&nbsp;d\u00edas<\/div>\n<\/div>\n<p>        \t\t    <br class=\"clear\"\/>\n\t\t\t\t<\/div>\n<\/div>\n<\/div>\n<div class=\"element grid classic3_cols animated2\">\n<div class=\"one_third gallery3 classic static filterable portfolio_type themeborder\"><a class=\"tour_image\" href=\"https:\/\/viatgesmonobert.com\/ca\/tour\/bella-india\/\"><br \/>\n\t\t\t\t\t<img decoding=\"async\" src=\"https:\/\/viatgesmonobert.com\/wp-content\/uploads\/2018\/05\/Bella-India-700x466.jpg\" alt=\"\u00cdndia &#8211; Bella \u00cdndia\" \/><\/p>\n<div class=\"tour_price \">Des de 965 \u20ac<\/div>\n<p><\/a><\/p>\n<div class=\"portfolio_info_wrapper\">\n        \t\t    <a class=\"tour_link\" href=\"https:\/\/viatgesmonobert.com\/ca\/tour\/bella-india\/\"><\/p>\n<h4>\u00cdndia &#8211; Bella \u00cdndia<\/h4>\n<p><\/a><\/p>\n<div class=\"tour_excerpt\">\n<p>Un recorrido completo y ameno<\/p>\n<\/div>\n<div class=\"tour_attribute_wrapper\">\n<div class=\"tour_attribute_days\">\n\t\t\t    \t\t\t    <span class=\"ti-time\"><\/span>7&nbsp;d\u00edas<\/div>\n<\/div>\n<p>        \t\t    <br class=\"clear\"\/>\n\t\t\t\t<\/div>\n<\/div>\n<\/div>\n<div class=\"element grid classic3_cols animated3\">\n<div class=\"one_third gallery3 classic static filterable portfolio_type themeborder\"><a class=\"tour_image\" href=\"https:\/\/viatgesmonobert.com\/ca\/tour\/darjeeling-y-sikkim\/\"><br \/>\n\t\t\t\t\t<img decoding=\"async\" src=\"https:\/\/viatgesmonobert.com\/wp-content\/uploads\/2018\/05\/sikkim-700x466.jpg\" alt=\"\u00cdndia &#8211; Darjeeling y Sikkim\" \/><\/p>\n<div class=\"tour_price \">Des de 1664 \u20ac<\/div>\n<p><\/a><\/p>\n<div class=\"portfolio_info_wrapper\">\n        \t\t    <a class=\"tour_link\" href=\"https:\/\/viatgesmonobert.com\/ca\/tour\/darjeeling-y-sikkim\/\"><\/p>\n<h4>\u00cdndia &#8211; Darjeeling y Sikkim<\/h4>\n<p><\/a><\/p>\n<div class=\"tour_excerpt\">\n<p>Una parte de la India mucho menos conocida<\/p>\n<\/div>\n<div class=\"tour_attribute_wrapper\">\n<div class=\"tour_attribute_days\">\n\t\t\t    \t\t\t    <span class=\"ti-time\"><\/span>12&nbsp;d\u00edas<\/div>\n<\/div>\n<p>        \t\t    <br class=\"clear\"\/>\n\t\t\t\t<\/div>\n<\/div>\n<\/div>\n<div class=\"element grid classic3_cols animated4\">\n<div class=\"one_third gallery3 classic static filterable portfolio_type themeborder\"><a class=\"tour_image\" href=\"https:\/\/viatgesmonobert.com\/ca\/tour\/guru-ram-das-brahma-y-buda\/\"><br \/>\n\t\t\t\t\t<img decoding=\"async\" src=\"https:\/\/viatgesmonobert.com\/wp-content\/uploads\/2018\/05\/taj-mahal-Guru-Ram-700x466.jpg\" alt=\"\u00cdndia &#8211; Guru Ram Das, Brahma y Buda\" \/><\/p>\n<div class=\"tour_price \">Des de 1697 \u20ac<\/div>\n<p><\/a><\/p>\n<div class=\"portfolio_info_wrapper\">\n        \t\t    <a class=\"tour_link\" href=\"https:\/\/viatgesmonobert.com\/ca\/tour\/guru-ram-das-brahma-y-buda\/\"><\/p>\n<h4>\u00cdndia &#8211; Guru Ram Das, Brahma y Buda<\/h4>\n<p><\/a><\/p>\n<div class=\"tour_excerpt\">\n<p>Si hay un pa\u00eds que causa admiraci\u00f3n y curiosidad ese pa\u00eds se llama India<\/p>\n<\/div>\n<div class=\"tour_attribute_wrapper\">\n<div class=\"tour_attribute_days\">\n\t\t\t    \t\t\t    <span class=\"ti-time\"><\/span>12&nbsp;d\u00edas<\/div>\n<\/div>\n<p>        \t\t    <br class=\"clear\"\/>\n\t\t\t\t<\/div>\n<\/div>\n<\/div>\n<div class=\"element grid classic3_cols animated5\">\n<div class=\"one_third gallery3 classic static filterable portfolio_type themeborder\"><a class=\"tour_image\" href=\"https:\/\/viatgesmonobert.com\/ca\/tour\/la-ruta-chandan\/\"><br \/>\n\t\t\t\t\t<img decoding=\"async\" src=\"https:\/\/viatgesmonobert.com\/wp-content\/uploads\/2018\/05\/chandan-madurai-700x466.jpg\" alt=\"\u00cdndia &#8211; La Ruta Chandan\" \/><\/p>\n<div class=\"tour_price \">Des de 1675 \u20ac<\/div>\n<p><\/a><\/p>\n<div class=\"portfolio_info_wrapper\">\n        \t\t    <a class=\"tour_link\" href=\"https:\/\/viatgesmonobert.com\/ca\/tour\/la-ruta-chandan\/\"><\/p>\n<h4>\u00cdndia &#8211; La Ruta Chandan<\/h4>\n<p><\/a><\/p>\n<div class=\"tour_excerpt\">\n<p>Los m\u00e1s bellos y coloridos templos<\/p>\n<\/div>\n<div class=\"tour_attribute_wrapper\">\n<div class=\"tour_attribute_days\">\n\t\t\t    \t\t\t    <span class=\"ti-time\"><\/span>16&nbsp;d\u00edas<\/div>\n<\/div>\n<p>        \t\t    <br class=\"clear\"\/>\n\t\t\t\t<\/div>\n<\/div>\n<\/div>\n<div class=\"element grid classic3_cols animated6\">\n<div class=\"one_third gallery3 classic static filterable portfolio_type themeborder\"><a class=\"tour_image\" href=\"https:\/\/viatgesmonobert.com\/ca\/tour\/la-ruta-del-sur\/\"><br \/>\n\t\t\t\t\t<img decoding=\"async\" src=\"https:\/\/viatgesmonobert.com\/wp-content\/uploads\/2018\/05\/mahabalipuram-rutasur-700x466.jpg\" alt=\"\u00cdndia &#8211; La Ruta del Sud\" \/><\/p>\n<div class=\"tour_price \">Des de 1404 \u20ac<\/div>\n<p><\/a><\/p>\n<div class=\"portfolio_info_wrapper\">\n        \t\t    <a class=\"tour_link\" href=\"https:\/\/viatgesmonobert.com\/ca\/tour\/la-ruta-del-sur\/\"><\/p>\n<h4>\u00cdndia &#8211; La Ruta del Sud<\/h4>\n<p><\/a><\/p>\n<div class=\"tour_excerpt\">\n<p>Recorres las costas, repletas de palmeras y pueblos pesqueros<\/p>\n<\/div>\n<div class=\"tour_attribute_wrapper\">\n<div class=\"tour_attribute_days\">\n\t\t\t    \t\t\t    <span class=\"ti-time\"><\/span>14&nbsp;d\u00edas<\/div>\n<\/div>\n<p>        \t\t    <br class=\"clear\"\/>\n\t\t\t\t<\/div>\n<\/div>\n<\/div>\n<div class=\"element grid classic3_cols animated7\">\n<div class=\"one_third gallery3 classic static filterable portfolio_type themeborder\"><a class=\"tour_image\" href=\"https:\/\/viatgesmonobert.com\/ca\/tour\/la-ruta-tribal-del-este\/\"><br \/>\n\t\t\t\t\t<img decoding=\"async\" src=\"https:\/\/viatgesmonobert.com\/wp-content\/uploads\/2018\/05\/ruta-tribal-del-este-700x466.jpg\" alt=\"\u00cdndia &#8211; La Ruta Tribal de l&#8217;Est\" \/><\/p>\n<div class=\"tour_price \">Des de 1858 \u20ac<\/div>\n<p><\/a><\/p>\n<div class=\"portfolio_info_wrapper\">\n        \t\t    <a class=\"tour_link\" href=\"https:\/\/viatgesmonobert.com\/ca\/tour\/la-ruta-tribal-del-este\/\"><\/p>\n<h4>\u00cdndia &#8211; La Ruta Tribal de l&#8217;Est<\/h4>\n<p><\/a><\/p>\n<div class=\"tour_excerpt\">\n<p>Existen rincones totalmente desconocidos en la vasta India<\/p>\n<\/div>\n<div class=\"tour_attribute_wrapper\">\n<div class=\"tour_attribute_days\">\n\t\t\t    \t\t\t    <span class=\"ti-time\"><\/span>15&nbsp;d\u00edas<\/div>\n<\/div>\n<p>        \t\t    <br class=\"clear\"\/>\n\t\t\t\t<\/div>\n<\/div>\n<\/div>\n<div class=\"element grid classic3_cols animated8\">\n<div class=\"one_third gallery3 classic static filterable portfolio_type themeborder\"><a class=\"tour_image\" href=\"https:\/\/viatgesmonobert.com\/ca\/tour\/rajastan-khajuraho-y-benares\/\"><br \/>\n\t\t\t\t\t<img decoding=\"async\" src=\"https:\/\/viatgesmonobert.com\/wp-content\/uploads\/2018\/05\/Rajast\u00e1n-Khajuraho-y-Benar\u00e9s2-700x466.jpg\" alt=\"\u00cdndia &#8211; Rajastan, Khajuraho y Benar\u00e9s\" \/><\/p>\n<div class=\"tour_price \">Des de 1336 \u20ac<\/div>\n<p><\/a><\/p>\n<div class=\"portfolio_info_wrapper\">\n        \t\t    <a class=\"tour_link\" href=\"https:\/\/viatgesmonobert.com\/ca\/tour\/rajastan-khajuraho-y-benares\/\"><\/p>\n<h4>\u00cdndia &#8211; Rajastan, Khajuraho y Benar\u00e9s<\/h4>\n<p><\/a><\/p>\n<div class=\"tour_excerpt\">\n<p>Las regiones m\u00e1s conocidas y representativas del legendario norte de este pa\u00eds<\/p>\n<\/div>\n<div class=\"tour_attribute_wrapper\">\n<div class=\"tour_attribute_days\">\n\t\t\t    \t\t\t    <span class=\"ti-time\"><\/span>14&nbsp;d\u00edas<\/div>\n<\/div>\n<p>        \t\t    <br class=\"clear\"\/>\n\t\t\t\t<\/div>\n<\/div>\n<\/div>\n<div class=\"element grid classic3_cols animated9\">\n<div class=\"one_third gallery3 classic static filterable portfolio_type themeborder\"><a class=\"tour_image\" href=\"https:\/\/viatgesmonobert.com\/ca\/tour\/tierra-de-maharajas\/\"><br \/>\n\t\t\t\t\t<img decoding=\"async\" src=\"https:\/\/viatgesmonobert.com\/wp-content\/uploads\/2018\/05\/Tierra-de-Maharaj\u00e1s-700x466.jpg\" alt=\"\u00cdndia &#8211; Terra de Maharaj\u00e0s\" \/><\/p>\n<div class=\"tour_price \">Des de 1905 \u20ac<\/div>\n<p><\/a><\/p>\n<div class=\"portfolio_info_wrapper\">\n        \t\t    <a class=\"tour_link\" href=\"https:\/\/viatgesmonobert.com\/ca\/tour\/tierra-de-maharajas\/\"><\/p>\n<h4>\u00cdndia &#8211; Terra de Maharaj\u00e0s<\/h4>\n<p><\/a><\/p>\n<div class=\"tour_excerpt\">\n<p>Las regiones m\u00e1s conocidas y representativas del legendario norte de este pa\u00eds<\/p>\n<\/div>\n<div class=\"tour_attribute_wrapper\">\n<div class=\"tour_attribute_days\">\n\t\t\t    \t\t\t    <span class=\"ti-time\"><\/span>18&nbsp;d\u00edas<\/div>\n<\/div>\n<p>        \t\t    <br class=\"clear\"\/>\n\t\t\t\t<\/div>\n<\/div>\n<\/div>\n<div class=\"element grid classic3_cols animated10\">\n<div class=\"one_third gallery3 classic static filterable portfolio_type themeborder\"><a class=\"tour_image\" href=\"https:\/\/viatgesmonobert.com\/ca\/tour\/india-norte-ciudades-y-pueblos\/\"><br \/>\n\t\t\t\t\t<img decoding=\"async\" src=\"https:\/\/viatgesmonobert.com\/wp-content\/uploads\/2018\/05\/India-Norte.-Ciudades-y-Pueblos2-700x466.jpg\" alt=\"\u00cdndia Nord. Ciutats i Pobles\" \/><\/p>\n<div class=\"tour_price \">Des de 1298 \u20ac<\/div>\n<p><\/a><\/p>\n<div class=\"portfolio_info_wrapper\">\n        \t\t    <a class=\"tour_link\" href=\"https:\/\/viatgesmonobert.com\/ca\/tour\/india-norte-ciudades-y-pueblos\/\"><\/p>\n<h4>\u00cdndia Nord. Ciutats i Pobles<\/h4>\n<p><\/a><\/p>\n<div class=\"tour_excerpt\">\n<p>Las regiones m\u00e1s conocidas y representativas del legendario norte de este pa\u00eds<\/p>\n<\/div>\n<div class=\"tour_attribute_wrapper\">\n<div class=\"tour_attribute_days\">\n\t\t\t    \t\t\t    <span class=\"ti-time\"><\/span>14&nbsp;d\u00edas<\/div>\n<\/div>\n<p>        \t\t    <br class=\"clear\"\/>\n\t\t\t\t<\/div>\n<\/div>\n<\/div>\n<div class=\"element grid classic3_cols animated11\">\n<div class=\"one_third gallery3 classic static filterable portfolio_type themeborder\"><a class=\"tour_image\" href=\"https:\/\/viatgesmonobert.com\/ca\/tour\/descubriendo-nepal\/\"><br \/>\n\t\t\t\t\t<img decoding=\"async\" src=\"https:\/\/viatgesmonobert.com\/wp-content\/uploads\/2018\/05\/nepal-700x466.jpg\" alt=\"Nepal &#8211; Descobrint Nepal\" \/><\/p>\n<div class=\"tour_price \">Des de 1664 \u20ac<\/div>\n<p><\/a><\/p>\n<div class=\"portfolio_info_wrapper\">\n        \t\t    <a class=\"tour_link\" href=\"https:\/\/viatgesmonobert.com\/ca\/tour\/descubriendo-nepal\/\"><\/p>\n<h4>Nepal &#8211; Descobrint Nepal<\/h4>\n<p><\/a><\/p>\n<div class=\"tour_excerpt\">\n<p>Descubre las regiones situadas bajo las grandes monta\u00f1as<\/p>\n<\/div>\n<div class=\"tour_attribute_wrapper\">\n<div class=\"tour_attribute_days\">\n\t\t\t    \t\t\t    <span class=\"ti-time\"><\/span>15&nbsp;d\u00edas<\/div>\n<\/div>\n<p>        \t\t    <br class=\"clear\"\/>\n\t\t\t\t<\/div>\n<\/div>\n<\/div>\n<div class=\"element grid classic3_cols animated12\">\n<div class=\"one_third gallery3 classic static filterable portfolio_type themeborder\"><a class=\"tour_image\" href=\"https:\/\/viatgesmonobert.com\/ca\/tour\/mustang-el-reino-escondido\/\"><br \/>\n\t\t\t\t\t<img decoding=\"async\" src=\"https:\/\/viatgesmonobert.com\/wp-content\/uploads\/2018\/05\/mustang-700x466.jpg\" alt=\"Nepal &#8211; Mustang, el Regne Amagat\" \/><\/p>\n<div class=\"tour_price \">Des de 2980 \u20ac<\/div>\n<p><\/a><\/p>\n<div class=\"portfolio_info_wrapper\">\n        \t\t    <a class=\"tour_link\" href=\"https:\/\/viatgesmonobert.com\/ca\/tour\/mustang-el-reino-escondido\/\"><\/p>\n<h4>Nepal &#8211; Mustang, el Regne Amagat<\/h4>\n<p><\/a><\/p>\n<div class=\"tour_excerpt\">\n<p>Mustang, el antiguo reino de Lo, escondido en la cara norte del Himalaya<\/p>\n<\/div>\n<div class=\"tour_attribute_wrapper\">\n<div class=\"tour_attribute_days\">\n\t\t\t    \t\t\t    <span class=\"ti-time\"><\/span>12&nbsp;d\u00edas<\/div>\n<\/div>\n<p>        \t\t    <br class=\"clear\"\/>\n\t\t\t\t<\/div>\n<\/div>\n<\/div>\n<div class=\"element grid classic3_cols animated13\">\n<div class=\"one_third gallery3 classic static filterable portfolio_type themeborder\"><a class=\"tour_image\" href=\"https:\/\/viatgesmonobert.com\/ca\/tour\/nepal-esencial\/\"><br \/>\n\t\t\t\t\t<img decoding=\"async\" src=\"https:\/\/viatgesmonobert.com\/wp-content\/uploads\/2018\/05\/nepal-esencial2-700x466.jpg\" alt=\"Nepal Essencial\" \/><\/p>\n<div class=\"tour_price \">Des de 1079 \u20ac<\/div>\n<p><\/a><\/p>\n<div class=\"portfolio_info_wrapper\">\n        \t\t    <a class=\"tour_link\" href=\"https:\/\/viatgesmonobert.com\/ca\/tour\/nepal-esencial\/\"><\/p>\n<h4>Nepal Essencial<\/h4>\n<p><\/a><\/p>\n<div class=\"tour_excerpt\">\n<p>Este corto y rico itinerario te acerca al siempre sorprendente Nepal<\/p>\n<\/div>\n<div class=\"tour_attribute_wrapper\">\n<div class=\"tour_attribute_days\">\n\t\t\t    \t\t\t    <span class=\"ti-time\"><\/span>9&nbsp;d\u00edas<\/div>\n<\/div>\n<p>        \t\t    <br class=\"clear\"\/>\n\t\t\t\t<\/div>\n<\/div>\n<\/div>\n<div class=\"element grid classic3_cols animated14\">\n<div class=\"one_third gallery3 classic static filterable portfolio_type themeborder\"><a class=\"tour_image\" href=\"https:\/\/viatgesmonobert.com\/ca\/tour\/la-ruta-del-nirvana\/\"><br \/>\n\t\t\t\t\t<img decoding=\"async\" src=\"https:\/\/viatgesmonobert.com\/wp-content\/uploads\/2018\/05\/kathmandu4-700x466.jpg\" alt=\"Nep\u00e1l y Tibet &#8211; La Ruta del Nirvana\" \/><\/p>\n<div class=\"tour_price \">Des de 3105 \u20ac<\/div>\n<p><\/a><\/p>\n<div class=\"portfolio_info_wrapper\">\n        \t\t    <a class=\"tour_link\" href=\"https:\/\/viatgesmonobert.com\/ca\/tour\/la-ruta-del-nirvana\/\"><\/p>\n<h4>Nep\u00e1l y Tibet &#8211; La Ruta del Nirvana<\/h4>\n<p><\/a><\/p>\n<div class=\"tour_excerpt\">\n<p>Conoce las cordilleras m\u00e1s altas del mundo<\/p>\n<\/div>\n<div class=\"tour_attribute_wrapper\">\n<div class=\"tour_attribute_days\">\n\t\t\t    \t\t\t    <span class=\"ti-time\"><\/span>14&nbsp;d\u00edas<\/div>\n<\/div>\n<p>        \t\t    <br class=\"clear\"\/>\n\t\t\t\t<\/div>\n<\/div>\n<\/div>\n<div class=\"element grid classic3_cols animated15\">\n<div class=\"one_third gallery3 classic static filterable portfolio_type themeborder\"><a class=\"tour_image\" href=\"https:\/\/viatgesmonobert.com\/ca\/tour\/la-ruta-celestial\/\"><br \/>\n\t\t\t\t\t<img decoding=\"async\" src=\"https:\/\/viatgesmonobert.com\/wp-content\/uploads\/2018\/05\/katmandu-700x466.jpg\" alt=\"Nepal, Tibet y But\u00e1n &#8211; La Ruta Celestial\" \/><\/p>\n<div class=\"tour_price \">Des de 2220 \u20ac<\/div>\n<p><\/a><\/p>\n<div class=\"portfolio_info_wrapper\">\n        \t\t    <a class=\"tour_link\" href=\"https:\/\/viatgesmonobert.com\/ca\/tour\/la-ruta-celestial\/\"><\/p>\n<h4>Nepal, Tibet y But\u00e1n &#8211; La Ruta Celestial<\/h4>\n<p><\/a><\/p>\n<div class=\"tour_excerpt\">\n<p>Conoce los tres tesoros que se esconden en las cordilleras<\/p>\n<\/div>\n<div class=\"tour_attribute_wrapper\">\n<div class=\"tour_attribute_days\">\n\t\t\t    \t\t\t    <span class=\"ti-time\"><\/span>16&nbsp;d\u00edas<\/div>\n<\/div>\n<p>        \t\t    <br class=\"clear\"\/>\n\t\t\t\t<\/div>\n<\/div>\n<\/div>\n<div class=\"element grid classic3_cols animated16\">\n<div class=\"one_third gallery3 classic static filterable portfolio_type themeborder\"><a class=\"tour_image\" href=\"https:\/\/viatgesmonobert.com\/ca\/tour\/lo-mejor-de-ceilan\/\"><br \/>\n\t\t\t\t\t<img decoding=\"async\" src=\"https:\/\/viatgesmonobert.com\/wp-content\/uploads\/2018\/05\/sri-lanka2-700x466.jpg\" alt=\"Sri Lanka &#8211; El Millor de Ceilan\" \/><\/p>\n<div class=\"tour_price \">Des de 1595 \u20ac<\/div>\n<p><\/a><\/p>\n<div class=\"portfolio_info_wrapper\">\n        \t\t    <a class=\"tour_link\" href=\"https:\/\/viatgesmonobert.com\/ca\/tour\/lo-mejor-de-ceilan\/\"><\/p>\n<h4>Sri Lanka &#8211; El Millor de Ceilan<\/h4>\n<p><\/a><\/p>\n<div class=\"tour_excerpt\">\n<p>Sri Lanka es a menudo referida como la Perla de Oriente<\/p>\n<\/div>\n<div class=\"tour_attribute_wrapper\">\n<div class=\"tour_attribute_days\">\n\t\t\t    \t\t\t    <span class=\"ti-time\"><\/span>15&nbsp;d\u00edas<\/div>\n<\/div>\n<p>        \t\t    <br class=\"clear\"\/>\n\t\t\t\t<\/div>\n<\/div>\n<\/div>\n<\/div>\n<\/div>\n<\/div>\n<\/div>\n","protected":false},"excerpt":{"rendered":"<p>Seleccionar mesEneroFebreroMarzoAbrilMayoJunioJulioAgostoSeptiembreOctubreNoviembreDiciembre Ordenar por fechaDe menor a mayor precioDe mayor a menor precioOrdenar por nombreOrdenar por popularidadOrdenar por puntuaci\u00f3n Des de 3095 \u20ac Bhutan &#8211; La Terra del Drac Un pa\u00eds poco visitado, voluntariamente aislado y remoto durante siglos 15&nbsp;d\u00edas [&hellip;]<\/p>\n","protected":false},"author":2,"featured_media":4835,"parent":0,"menu_order":0,"comment_status":"closed","ping_status":"closed","template":"","meta":{"footnotes":""},"class_list":["post-5542","page","type-page","status-publish","has-post-thumbnail","hentry"],"_links":{"self":[{"href":"https:\/\/www.viatgesmonobert.com\/ca\/wp-json\/wp\/v2\/pages\/5542","targetHints":{"allow":["GET"]}}],"collection":[{"href":"https:\/\/www.viatgesmonobert.com\/ca\/wp-json\/wp\/v2\/pages"}],"about":[{"href":"https:\/\/www.viatgesmonobert.com\/ca\/wp-json\/wp\/v2\/types\/page"}],"author":[{"embeddable":true,"href":"https:\/\/www.viatgesmonobert.com\/ca\/wp-json\/wp\/v2\/users\/2"}],"replies":[{"embeddable":true,"href":"https:\/\/www.viatgesmonobert.com\/ca\/wp-json\/wp\/v2\/comments?post=5542"}],"version-history":[{"count":5,"href":"https:\/\/www.viatgesmonobert.com\/ca\/wp-json\/wp\/v2\/pages\/5542\/revisions"}],"predecessor-version":[{"id":6214,"href":"https:\/\/www.viatgesmonobert.com\/ca\/wp-json\/wp\/v2\/pages\/5542\/revisions\/6214"}],"wp:featuredmedia":[{"embeddable":true,"href":"https:\/\/www.viatgesmonobert.com\/ca\/wp-json\/wp\/v2\/media\/4835"}],"wp:attachment":[{"href":"https:\/\/www.viatgesmonobert.com\/ca\/wp-json\/wp\/v2\/media?parent=5542"}],"curies":[{"name":"wp","href":"https:\/\/api.w.org\/{rel}","templated":true}]}}