{"id":5517,"date":"2018-05-21T17:08:58","date_gmt":"2018-05-21T17:08:58","guid":{"rendered":"https:\/\/effortsl.net\/clientes\/monobert\/australia\/"},"modified":"2018-06-21T11:43:45","modified_gmt":"2018-06-21T11:43:45","slug":"australia","status":"publish","type":"page","link":"https:\/\/www.viatgesmonobert.com\/ca\/australia\/","title":{"rendered":"Austr\u00e0lia"},"content":{"rendered":"<div  class=\"one withsmallpadding ppb_tour_search\" style=\"padding:0 !important;z-index:2;margin-top:-20px;\" >\n<div class=\"standard_wrapper\">\n<div class=\"page_content_wrapper\">\n<div class=\"inner\">\n<form id=\"tour_search_form\" class=\"tour_search_form\" method=\"get\" action=\"https:\/\/viatgesmonobert.com\/ca\/busqueda\/\">\n<div class=\"tour_search_wrapper\">\n<div class=\"one_fourth themeborder\">\n    \t\t<input id=\"keyword\" name=\"keyword\" type=\"text\" autocomplete=\"off\" placeholder=\"\u00bfA d\u00f3nde vas?\"\/><br \/>\n    \t\t<span class=\"ti-search\"><\/span><\/p>\n<div id=\"autocomplete\" class=\"autocomplete\" data-mousedown=\"false\"><\/div>\n<\/p><\/div>\n<div class=\"one_fourth themeborder\"><select id=\"month\" name=\"month\"><option value=\"\">Seleccionar mes<\/option><option value=\"january\">Enero<\/option><option value=\"february\">Febrero<\/option><option value=\"march\">Marzo<\/option><option value=\"april\">Abril<\/option><option value=\"may\">Mayo<\/option><option value=\"june\">Junio<\/option><option value=\"july\">Julio<\/option><option value=\"august\">Agosto<\/option><option value=\"september\">Septiembre<\/option><option value=\"october\">Octubre<\/option><option value=\"november\">Noviembre<\/option><option value=\"december\">Diciembre<\/option><\/select><br \/>\n    \t\t<span class=\"ti-calendar\"><\/span>\n    \t<\/div>\n<div class=\"one_fourth themeborder\"><select id=\"sort_by\" name=\"sort_by\"><option value=\"date\">Ordenar por fecha<\/option><option value=\"price_low\">De menor a mayor precio<\/option><option value=\"price_high\">De mayor a menor precio<\/option><option value=\"name\">Ordenar por nombre<\/option><option value=\"popular\">Ordenar por popularidad<\/option><option value=\"review\">Ordenar por puntuaci\u00f3n<\/option><\/select><br \/>\n    \t\t<span class=\"ti-exchange-vertical\"><\/span>\n    \t<\/div>\n<div class=\"one_fourth last themeborder\">\n    \t\t<input id=\"tour_search_btn\" type=\"submit\" class=\"button\" value=\"Buscar\"\/>\n    \t<\/div>\n<\/p><\/div>\n<\/form>\n<\/div>\n<\/div>\n<\/div>\n<\/div>\n<div  class=\"ppb_tour_classic one nopadding \" >\n<div class=\"page_content_wrapper page_main_content sidebar_content full_width fixed_column\">\n<div class=\"standard_wrapper\">\n<div id=\"1529581425282271533\" class=\"portfolio_filter_wrapper gallery classic three_cols\" data-columns=\"3\">\n<div class=\"element grid classic3_cols animated1\">\n<div class=\"one_third gallery3 classic static filterable portfolio_type themeborder\"><a class=\"tour_image\" href=\"https:\/\/viatgesmonobert.com\/ca\/tour\/en-libertad-autocaravana\/\"><br \/>\n\t\t\t\t\t<img decoding=\"async\" src=\"https:\/\/viatgesmonobert.com\/wp-content\/uploads\/2018\/05\/autocaravana-700x466.jpg\" alt=\"Austr\u00e0lia &#8211; En llibertat. Autocaravana\" \/><\/p>\n<div class=\"tour_price \">Des de 2100 \u20ac<\/div>\n<p><\/a><\/p>\n<div class=\"portfolio_info_wrapper\">\n        \t\t    <a class=\"tour_link\" href=\"https:\/\/viatgesmonobert.com\/ca\/tour\/en-libertad-autocaravana\/\"><\/p>\n<h4>Austr\u00e0lia &#8211; En llibertat. Autocaravana<\/h4>\n<p><\/a><\/p>\n<div class=\"tour_excerpt\">\n<p>La forma id\u00f3nea para descubrir Australia a su propio ritmo<\/p>\n<\/div>\n<div class=\"tour_attribute_wrapper\">\n<div class=\"tour_attribute_days\">\n\t\t\t    \t\t\t    <span class=\"ti-time\"><\/span>17&nbsp;d\u00edas<\/div>\n<\/div>\n<p>        \t\t    <br class=\"clear\"\/>\n\t\t\t\t<\/div>\n<\/div>\n<\/div>\n<div class=\"element grid classic3_cols animated2\">\n<div class=\"one_third gallery3 classic static filterable portfolio_type themeborder\"><a class=\"tour_image\" href=\"https:\/\/viatgesmonobert.com\/ca\/tour\/australia-oriental-completa\/\"><br \/>\n\t\t\t\t\t<img decoding=\"async\" src=\"https:\/\/viatgesmonobert.com\/wp-content\/uploads\/2018\/05\/uluru-700x466.jpg\" alt=\"Austr\u00e0lia Oriental Completa\" \/><\/p>\n<div class=\"tour_price \">Des de 3920 \u20ac<\/div>\n<p><\/a><\/p>\n<div class=\"portfolio_info_wrapper\">\n        \t\t    <a class=\"tour_link\" href=\"https:\/\/viatgesmonobert.com\/ca\/tour\/australia-oriental-completa\/\"><\/p>\n<h4>Austr\u00e0lia Oriental Completa<\/h4>\n<p><\/a><\/p>\n<div class=\"tour_excerpt\">\n<p>D\u00e9janos mostrarte lo m\u00e1s destacado de Australia<\/p>\n<\/div>\n<div class=\"tour_attribute_wrapper\">\n<div class=\"tour_attribute_days\">\n\t\t\t    \t\t\t    <span class=\"ti-time\"><\/span>23&nbsp;d\u00edas<\/div>\n<\/div>\n<p>        \t\t    <br class=\"clear\"\/>\n\t\t\t\t<\/div>\n<\/div>\n<\/div>\n<\/div>\n<\/div>\n<\/div>\n<\/div>\n","protected":false},"excerpt":{"rendered":"<p>Seleccionar mesEneroFebreroMarzoAbrilMayoJunioJulioAgostoSeptiembreOctubreNoviembreDiciembre Ordenar por fechaDe menor a mayor precioDe mayor a menor precioOrdenar por nombreOrdenar por popularidadOrdenar por puntuaci\u00f3n Des de 2100 \u20ac Austr\u00e0lia &#8211; En llibertat. Autocaravana La forma id\u00f3nea para descubrir Australia a su propio ritmo 17&nbsp;d\u00edas Des [&hellip;]<\/p>\n","protected":false},"author":2,"featured_media":4830,"parent":0,"menu_order":0,"comment_status":"closed","ping_status":"closed","template":"","meta":{"footnotes":""},"class_list":["post-5517","page","type-page","status-publish","has-post-thumbnail","hentry"],"_links":{"self":[{"href":"https:\/\/www.viatgesmonobert.com\/ca\/wp-json\/wp\/v2\/pages\/5517","targetHints":{"allow":["GET"]}}],"collection":[{"href":"https:\/\/www.viatgesmonobert.com\/ca\/wp-json\/wp\/v2\/pages"}],"about":[{"href":"https:\/\/www.viatgesmonobert.com\/ca\/wp-json\/wp\/v2\/types\/page"}],"author":[{"embeddable":true,"href":"https:\/\/www.viatgesmonobert.com\/ca\/wp-json\/wp\/v2\/users\/2"}],"replies":[{"embeddable":true,"href":"https:\/\/www.viatgesmonobert.com\/ca\/wp-json\/wp\/v2\/comments?post=5517"}],"version-history":[{"count":5,"href":"https:\/\/www.viatgesmonobert.com\/ca\/wp-json\/wp\/v2\/pages\/5517\/revisions"}],"predecessor-version":[{"id":6219,"href":"https:\/\/www.viatgesmonobert.com\/ca\/wp-json\/wp\/v2\/pages\/5517\/revisions\/6219"}],"wp:featuredmedia":[{"embeddable":true,"href":"https:\/\/www.viatgesmonobert.com\/ca\/wp-json\/wp\/v2\/media\/4830"}],"wp:attachment":[{"href":"https:\/\/www.viatgesmonobert.com\/ca\/wp-json\/wp\/v2\/media?parent=5517"}],"curies":[{"name":"wp","href":"https:\/\/api.w.org\/{rel}","templated":true}]}}