{"id":5494,"date":"2018-05-21T18:52:37","date_gmt":"2018-05-21T18:52:37","guid":{"rendered":"https:\/\/effortsl.net\/clientes\/monobert\/africa-oriental\/"},"modified":"2018-06-21T11:42:01","modified_gmt":"2018-06-21T11:42:01","slug":"africa-oriental","status":"publish","type":"page","link":"https:\/\/www.viatgesmonobert.com\/ca\/africa-oriental\/","title":{"rendered":"\u00c0frica Oriental"},"content":{"rendered":"<div  class=\"one withsmallpadding ppb_tour_search\" style=\"padding:0 !important;z-index:2;margin-top:-20px;\" >\n<div class=\"standard_wrapper\">\n<div class=\"page_content_wrapper\">\n<div class=\"inner\">\n<form id=\"tour_search_form\" class=\"tour_search_form\" method=\"get\" action=\"https:\/\/viatgesmonobert.com\/ca\/busqueda\/\">\n<div class=\"tour_search_wrapper\">\n<div class=\"one_fourth themeborder\">\n    \t\t<input id=\"keyword\" name=\"keyword\" type=\"text\" autocomplete=\"off\" placeholder=\"\u00bfA d\u00f3nde vas?\"\/><br \/>\n    \t\t<span class=\"ti-search\"><\/span><\/p>\n<div id=\"autocomplete\" class=\"autocomplete\" data-mousedown=\"false\"><\/div>\n<\/p><\/div>\n<div class=\"one_fourth themeborder\"><select id=\"month\" name=\"month\"><option value=\"\">Seleccionar mes<\/option><option value=\"january\">Enero<\/option><option value=\"february\">Febrero<\/option><option value=\"march\">Marzo<\/option><option value=\"april\">Abril<\/option><option value=\"may\">Mayo<\/option><option value=\"june\">Junio<\/option><option value=\"july\">Julio<\/option><option value=\"august\">Agosto<\/option><option value=\"september\">Septiembre<\/option><option value=\"october\">Octubre<\/option><option value=\"november\">Noviembre<\/option><option value=\"december\">Diciembre<\/option><\/select><br \/>\n    \t\t<span class=\"ti-calendar\"><\/span>\n    \t<\/div>\n<div class=\"one_fourth themeborder\"><select id=\"sort_by\" name=\"sort_by\"><option value=\"date\">Ordenar por fecha<\/option><option value=\"price_low\">De menor a mayor precio<\/option><option value=\"price_high\">De mayor a menor precio<\/option><option value=\"name\">Ordenar por nombre<\/option><option value=\"popular\">Ordenar por popularidad<\/option><option value=\"review\">Ordenar por puntuaci\u00f3n<\/option><\/select><br \/>\n    \t\t<span class=\"ti-exchange-vertical\"><\/span>\n    \t<\/div>\n<div class=\"one_fourth last themeborder\">\n    \t\t<input id=\"tour_search_btn\" type=\"submit\" class=\"button\" value=\"Buscar\"\/>\n    \t<\/div>\n<\/p><\/div>\n<\/form>\n<\/div>\n<\/div>\n<\/div>\n<\/div>\n<div  class=\"ppb_tour_classic one nopadding \" >\n<div class=\"page_content_wrapper page_main_content sidebar_content full_width fixed_column\">\n<div class=\"standard_wrapper\">\n<div id=\"15295813211883365515\" class=\"portfolio_filter_wrapper gallery classic three_cols\" data-columns=\"3\">\n<div class=\"element grid classic3_cols animated1\">\n<div class=\"one_third gallery3 classic static filterable portfolio_type themeborder\"><a class=\"tour_image\" href=\"https:\/\/viatgesmonobert.com\/ca\/tour\/etiopia-de-norte-a-sur\/\"><br \/>\n\t\t\t\t\t<img decoding=\"async\" src=\"https:\/\/viatgesmonobert.com\/wp-content\/uploads\/2018\/05\/Etiop\u00eda-\u2013-De-Norte-a-Sur-700x466.jpg\" alt=\"Eti\u00f2pia &#8211; De Nord a sud\" \/><\/p>\n<div class=\"tour_price \">Des de 2259 \u20ac<\/div>\n<p><\/a><\/p>\n<div class=\"portfolio_info_wrapper\">\n        \t\t    <a class=\"tour_link\" href=\"https:\/\/viatgesmonobert.com\/ca\/tour\/etiopia-de-norte-a-sur\/\"><\/p>\n<h4>Eti\u00f2pia &#8211; De Nord a sud<\/h4>\n<p><\/a><\/p>\n<div class=\"tour_excerpt\">\n<p>No existe pa\u00eds semejante a Etiop\u00eda en el mundo<\/p>\n<\/div>\n<div class=\"tour_attribute_wrapper\">\n<div class=\"tour_attribute_days\">\n\t\t\t    \t\t\t    <span class=\"ti-time\"><\/span>15&nbsp;d\u00edas<\/div>\n<\/div>\n<p>        \t\t    <br class=\"clear\"\/>\n\t\t\t\t<\/div>\n<\/div>\n<\/div>\n<div class=\"element grid classic3_cols animated2\">\n<div class=\"one_third gallery3 classic static filterable portfolio_type themeborder\"><a class=\"tour_image\" href=\"https:\/\/viatgesmonobert.com\/ca\/tour\/etiopia-el-sur-exhaustivo\/\"><br \/>\n\t\t\t\t\t<img decoding=\"async\" src=\"https:\/\/viatgesmonobert.com\/wp-content\/uploads\/2018\/06\/Etiop\u00eda-El-sur-exhaustivo2-700x466.jpg\" alt=\"Eti\u00f2pia &#8211; El sur exhaustiu\" \/><\/p>\n<div class=\"tour_price \">Des de 1.229 \u20ac<\/div>\n<p><\/a><\/p>\n<div class=\"portfolio_info_wrapper\">\n        \t\t    <a class=\"tour_link\" href=\"https:\/\/viatgesmonobert.com\/ca\/tour\/etiopia-el-sur-exhaustivo\/\"><\/p>\n<h4>Eti\u00f2pia &#8211; El sur exhaustiu<\/h4>\n<p><\/a><\/p>\n<div class=\"tour_excerpt\">\n<p>El \u00fanico pa\u00eds no conquistado de \u00c1frica <\/p>\n<\/div>\n<div class=\"tour_attribute_wrapper\">\n<div class=\"tour_attribute_days\">\n\t\t\t    \t\t\t    <span class=\"ti-time\"><\/span>8&nbsp;d\u00edas<\/div>\n<\/div>\n<p>        \t\t    <br class=\"clear\"\/>\n\t\t\t\t<\/div>\n<\/div>\n<\/div>\n<div class=\"element grid classic3_cols animated3\">\n<div class=\"one_third gallery3 classic static filterable portfolio_type themeborder\"><a class=\"tour_image\" href=\"https:\/\/viatgesmonobert.com\/ca\/tour\/etiopia-la-ruta-dimeka\/\"><br \/>\n\t\t\t\t\t<img decoding=\"async\" src=\"https:\/\/viatgesmonobert.com\/wp-content\/uploads\/2018\/06\/Etiop\u00eda-La-ruta-Dimeka2-700x466.jpg\" alt=\"Eti\u00f2pia &#8211; La Ruta Dimeka\" \/><\/p>\n<div class=\"tour_price \">Des de 2.490 \u20ac<\/div>\n<p><\/a><\/p>\n<div class=\"portfolio_info_wrapper\">\n        \t\t    <a class=\"tour_link\" href=\"https:\/\/viatgesmonobert.com\/ca\/tour\/etiopia-la-ruta-dimeka\/\"><\/p>\n<h4>Eti\u00f2pia &#8211; La Ruta Dimeka<\/h4>\n<p><\/a><\/p>\n<div class=\"tour_excerpt\">\n<p>Una naturaleza sorprendente, y una variedad \u00e9tnica sin parang\u00f3n<\/p>\n<\/div>\n<div class=\"tour_attribute_wrapper\">\n<div class=\"tour_attribute_days\">\n\t\t\t    \t\t\t    <span class=\"ti-time\"><\/span>17&nbsp;d\u00edas<\/div>\n<\/div>\n<p>        \t\t    <br class=\"clear\"\/>\n\t\t\t\t<\/div>\n<\/div>\n<\/div>\n<div class=\"element grid classic3_cols animated4\">\n<div class=\"one_third gallery3 classic static filterable portfolio_type themeborder\"><a class=\"tour_image\" href=\"https:\/\/viatgesmonobert.com\/ca\/tour\/kenia-tanzania-y-zanzibar-safari-ndoto-y-zanzibar\/\"><br \/>\n\t\t\t\t\t<img decoding=\"async\" src=\"https:\/\/viatgesmonobert.com\/wp-content\/uploads\/2018\/06\/Safari-Ndoto-y-Zanz\u00edbar2-700x466.jpg\" alt=\"Kenia, Tanzania y Zanzibar &#8211; Safari Ndoto i Zanz\u00edbar\" \/><\/p>\n<div class=\"tour_price \">Des de 1.229 \u20ac<\/div>\n<p><\/a><\/p>\n<div class=\"portfolio_info_wrapper\">\n        \t\t    <a class=\"tour_link\" href=\"https:\/\/viatgesmonobert.com\/ca\/tour\/kenia-tanzania-y-zanzibar-safari-ndoto-y-zanzibar\/\"><\/p>\n<h4>Kenia, Tanzania y Zanzibar &#8211; Safari Ndoto i Zanz\u00edbar<\/h4>\n<p><\/a><\/p>\n<div class=\"tour_excerpt\">\n<p>Parques y Reservas renombrados mundialmente por su vida salvaje<\/p>\n<\/div>\n<div class=\"tour_attribute_wrapper\">\n<div class=\"tour_attribute_days\">\n\t\t\t    \t\t\t    <span class=\"ti-time\"><\/span>14&nbsp;d\u00edas<\/div>\n<\/div>\n<p>        \t\t    <br class=\"clear\"\/>\n\t\t\t\t<\/div>\n<\/div>\n<\/div>\n<div class=\"element grid classic3_cols animated5\">\n<div class=\"one_third gallery3 classic static filterable portfolio_type themeborder\"><a class=\"tour_image\" href=\"https:\/\/viatgesmonobert.com\/ca\/tour\/kenia-tanzania-y-zanzibar-safari-total-en-camion\/\"><br \/>\n\t\t\t\t\t<img decoding=\"async\" src=\"https:\/\/viatgesmonobert.com\/wp-content\/uploads\/2018\/06\/Safari-Total-en-Cami\u00f3n-700x466.jpg\" alt=\"Kenia, Tanzania y Zanzibar &#8211; Safari Total en Cami\u00f3\" \/><\/p>\n<div class=\"tour_price \">Des de 2.005 \u20ac<\/div>\n<p><\/a><\/p>\n<div class=\"portfolio_info_wrapper\">\n        \t\t    <a class=\"tour_link\" href=\"https:\/\/viatgesmonobert.com\/ca\/tour\/kenia-tanzania-y-zanzibar-safari-total-en-camion\/\"><\/p>\n<h4>Kenia, Tanzania y Zanzibar &#8211; Safari Total en Cami\u00f3<\/h4>\n<p><\/a><\/p>\n<div class=\"tour_excerpt\">\n<p>Impregnate de la historia y la cultura Suahili <\/p>\n<\/div>\n<div class=\"tour_attribute_wrapper\">\n<div class=\"tour_attribute_days\">\n\t\t\t    \t\t\t    <span class=\"ti-time\"><\/span>14&nbsp;d\u00edas<\/div>\n<\/div>\n<p>        \t\t    <br class=\"clear\"\/>\n\t\t\t\t<\/div>\n<\/div>\n<\/div>\n<div class=\"element grid classic3_cols animated6\">\n<div class=\"one_third gallery3 classic static filterable portfolio_type themeborder\"><a class=\"tour_image\" href=\"https:\/\/viatgesmonobert.com\/ca\/tour\/uganda-y-ruanda-la-ruta-de-los-gorilas\/\"><br \/>\n\t\t\t\t\t<img decoding=\"async\" src=\"https:\/\/viatgesmonobert.com\/wp-content\/uploads\/2018\/06\/Uganda-y-Ruanda-La-ruta-de-los-gorilas2-700x466.jpg\" alt=\"Uganda i Rwanda &#8211; La Ruta dels Goril\u00b7les\" \/><\/p>\n<div class=\"tour_price \">Des de 1.895 \u20ac<\/div>\n<p><\/a><\/p>\n<div class=\"portfolio_info_wrapper\">\n        \t\t    <a class=\"tour_link\" href=\"https:\/\/viatgesmonobert.com\/ca\/tour\/uganda-y-ruanda-la-ruta-de-los-gorilas\/\"><\/p>\n<h4>Uganda i Rwanda &#8211; La Ruta dels Goril\u00b7les<\/h4>\n<p><\/a><\/p>\n<div class=\"tour_excerpt\">\n<p>La naturaleza de este viaje deja necesariamente una puerta abierta a lo inesperado<\/p>\n<\/div>\n<div class=\"tour_attribute_wrapper\">\n<div class=\"tour_attribute_days\">\n\t\t\t    \t\t\t    <span class=\"ti-time\"><\/span>15&nbsp;d\u00edas<\/div>\n<\/div>\n<p>        \t\t    <br class=\"clear\"\/>\n\t\t\t\t<\/div>\n<\/div>\n<\/div>\n<\/div>\n<\/div>\n<\/div>\n<\/div>\n","protected":false},"excerpt":{"rendered":"<p>Seleccionar mesEneroFebreroMarzoAbrilMayoJunioJulioAgostoSeptiembreOctubreNoviembreDiciembre Ordenar por fechaDe menor a mayor precioDe mayor a menor precioOrdenar por nombreOrdenar por popularidadOrdenar por puntuaci\u00f3n Des de 2259 \u20ac Eti\u00f2pia &#8211; De Nord a sud No existe pa\u00eds semejante a Etiop\u00eda en el mundo 15&nbsp;d\u00edas Des [&hellip;]<\/p>\n","protected":false},"author":2,"featured_media":4843,"parent":0,"menu_order":0,"comment_status":"closed","ping_status":"closed","template":"","meta":{"footnotes":""},"class_list":["post-5494","page","type-page","status-publish","has-post-thumbnail","hentry"],"_links":{"self":[{"href":"https:\/\/www.viatgesmonobert.com\/ca\/wp-json\/wp\/v2\/pages\/5494","targetHints":{"allow":["GET"]}}],"collection":[{"href":"https:\/\/www.viatgesmonobert.com\/ca\/wp-json\/wp\/v2\/pages"}],"about":[{"href":"https:\/\/www.viatgesmonobert.com\/ca\/wp-json\/wp\/v2\/types\/page"}],"author":[{"embeddable":true,"href":"https:\/\/www.viatgesmonobert.com\/ca\/wp-json\/wp\/v2\/users\/2"}],"replies":[{"embeddable":true,"href":"https:\/\/www.viatgesmonobert.com\/ca\/wp-json\/wp\/v2\/comments?post=5494"}],"version-history":[{"count":5,"href":"https:\/\/www.viatgesmonobert.com\/ca\/wp-json\/wp\/v2\/pages\/5494\/revisions"}],"predecessor-version":[{"id":6212,"href":"https:\/\/www.viatgesmonobert.com\/ca\/wp-json\/wp\/v2\/pages\/5494\/revisions\/6212"}],"wp:featuredmedia":[{"embeddable":true,"href":"https:\/\/www.viatgesmonobert.com\/ca\/wp-json\/wp\/v2\/media\/4843"}],"wp:attachment":[{"href":"https:\/\/www.viatgesmonobert.com\/ca\/wp-json\/wp\/v2\/media?parent=5494"}],"curies":[{"name":"wp","href":"https:\/\/api.w.org\/{rel}","templated":true}]}}