{"id":5482,"date":"2018-05-21T16:37:20","date_gmt":"2018-05-21T16:37:20","guid":{"rendered":"https:\/\/effortsl.net\/clientes\/monobert\/africa-del-norte\/"},"modified":"2018-06-21T11:41:46","modified_gmt":"2018-06-21T11:41:46","slug":"africa-del-norte","status":"publish","type":"page","link":"https:\/\/www.viatgesmonobert.com\/ca\/africa-del-norte\/","title":{"rendered":"\u00c0frica del Nord"},"content":{"rendered":"<div  class=\"one withsmallpadding ppb_tour_search\" style=\"padding:0 !important;z-index:2;margin-top:-20px;\" >\n<div class=\"standard_wrapper\">\n<div class=\"page_content_wrapper\">\n<div class=\"inner\">\n<form id=\"tour_search_form\" class=\"tour_search_form\" method=\"get\" action=\"https:\/\/viatgesmonobert.com\/ca\/busqueda\/\">\n<div class=\"tour_search_wrapper\">\n<div class=\"one_fourth themeborder\">\n    \t\t<input id=\"keyword\" name=\"keyword\" type=\"text\" autocomplete=\"off\" placeholder=\"\u00bfA d\u00f3nde vas?\"\/><br \/>\n    \t\t<span class=\"ti-search\"><\/span><\/p>\n<div id=\"autocomplete\" class=\"autocomplete\" data-mousedown=\"false\"><\/div>\n<\/p><\/div>\n<div class=\"one_fourth themeborder\"><select id=\"month\" name=\"month\"><option value=\"\">Seleccionar mes<\/option><option value=\"january\">Enero<\/option><option value=\"february\">Febrero<\/option><option value=\"march\">Marzo<\/option><option value=\"april\">Abril<\/option><option value=\"may\">Mayo<\/option><option value=\"june\">Junio<\/option><option value=\"july\">Julio<\/option><option value=\"august\">Agosto<\/option><option value=\"september\">Septiembre<\/option><option value=\"october\">Octubre<\/option><option value=\"november\">Noviembre<\/option><option value=\"december\">Diciembre<\/option><\/select><br \/>\n    \t\t<span class=\"ti-calendar\"><\/span>\n    \t<\/div>\n<div class=\"one_fourth themeborder\"><select id=\"sort_by\" name=\"sort_by\"><option value=\"date\">Ordenar por fecha<\/option><option value=\"price_low\">De menor a mayor precio<\/option><option value=\"price_high\">De mayor a menor precio<\/option><option value=\"name\">Ordenar por nombre<\/option><option value=\"popular\">Ordenar por popularidad<\/option><option value=\"review\">Ordenar por puntuaci\u00f3n<\/option><\/select><br \/>\n    \t\t<span class=\"ti-exchange-vertical\"><\/span>\n    \t<\/div>\n<div class=\"one_fourth last themeborder\">\n    \t\t<input id=\"tour_search_btn\" type=\"submit\" class=\"button\" value=\"Buscar\"\/>\n    \t<\/div>\n<\/p><\/div>\n<\/form>\n<\/div>\n<\/div>\n<\/div>\n<\/div>\n<div  class=\"ppb_tour_classic one nopadding \" >\n<div class=\"page_content_wrapper page_main_content sidebar_content full_width fixed_column\">\n<div class=\"standard_wrapper\">\n<div id=\"15295813062090830603\" class=\"portfolio_filter_wrapper gallery classic three_cols\" data-columns=\"3\">\n<div class=\"element grid classic3_cols animated1\">\n<div class=\"one_third gallery3 classic static filterable portfolio_type themeborder\"><a class=\"tour_image\" href=\"https:\/\/viatgesmonobert.com\/ca\/tour\/atlas-sahariano\/\"><br \/>\n\t\t\t\t\t<img decoding=\"async\" src=\"https:\/\/viatgesmonobert.com\/wp-content\/uploads\/2018\/05\/sahara-700x466.jpg\" alt=\"Alg\u00e8ria &#8211; Atles Sahari\u00e0\" \/><\/p>\n<div class=\"tour_price \">consultar<\/div>\n<p><\/a><\/p>\n<div class=\"portfolio_info_wrapper\">\n        \t\t    <a class=\"tour_link\" href=\"https:\/\/viatgesmonobert.com\/ca\/tour\/atlas-sahariano\/\"><\/p>\n<h4>Alg\u00e8ria &#8211; Atles Sahari\u00e0<\/h4>\n<p><\/a><\/p>\n<div class=\"tour_excerpt\">\n<p>Descubre curiosos e impresionantes grabados rupestres<\/p>\n<\/div>\n<div class=\"tour_attribute_wrapper\">\n<div class=\"tour_attribute_days\">\n\t\t\t    \t\t\t    <span class=\"ti-time\"><\/span>10&nbsp;d\u00edas<\/div>\n<\/div>\n<p>        \t\t    <br class=\"clear\"\/>\n\t\t\t\t<\/div>\n<\/div>\n<\/div>\n<div class=\"element grid classic3_cols animated2\">\n<div class=\"one_third gallery3 classic static filterable portfolio_type themeborder\"><a class=\"tour_image\" href=\"https:\/\/viatgesmonobert.com\/ca\/tour\/argelia-la-ruta-del-noroeste\/\"><br \/>\n\t\t\t\t\t<img decoding=\"async\" src=\"https:\/\/viatgesmonobert.com\/wp-content\/uploads\/2018\/05\/algeria-ruta-nord-700x466.jpg\" alt=\"Alg\u00e8ria &#8211; La Ruta del Nord-oest\" \/><\/p>\n<div class=\"tour_price \">consultar<\/div>\n<p><\/a><\/p>\n<div class=\"portfolio_info_wrapper\">\n        \t\t    <a class=\"tour_link\" href=\"https:\/\/viatgesmonobert.com\/ca\/tour\/argelia-la-ruta-del-noroeste\/\"><\/p>\n<h4>Alg\u00e8ria &#8211; La Ruta del Nord-oest<\/h4>\n<p><\/a><\/p>\n<div class=\"tour_excerpt\">\n<p>Un destino a\u00fan desconocido que se abre despacio a las visitas de viajeros<\/p>\n<\/div>\n<div class=\"tour_attribute_wrapper\">\n<div class=\"tour_attribute_days\">\n\t\t\t    \t\t\t    <span class=\"ti-time\"><\/span>8&nbsp;d\u00edas<\/div>\n<\/div>\n<p>        \t\t    <br class=\"clear\"\/>\n\t\t\t\t<\/div>\n<\/div>\n<\/div>\n<div class=\"element grid classic3_cols animated3\">\n<div class=\"one_third gallery3 classic static filterable portfolio_type themeborder\"><a class=\"tour_image\" href=\"https:\/\/viatgesmonobert.com\/ca\/tour\/oasis-y-ciudades-medievales\/\"><br \/>\n\t\t\t\t\t<img decoding=\"async\" src=\"https:\/\/viatgesmonobert.com\/wp-content\/uploads\/2018\/05\/algeria-700x466.jpg\" alt=\"Alg\u00e8ria &#8211; Oasis i Ciutats Medievals\" \/><\/p>\n<div class=\"tour_price \">consultar<\/div>\n<p><\/a><\/p>\n<div class=\"portfolio_info_wrapper\">\n        \t\t    <a class=\"tour_link\" href=\"https:\/\/viatgesmonobert.com\/ca\/tour\/oasis-y-ciudades-medievales\/\"><\/p>\n<h4>Alg\u00e8ria &#8211; Oasis i Ciutats Medievals<\/h4>\n<p><\/a><\/p>\n<div class=\"tour_excerpt\">\n<p>Las diferentes ciudades se presentan como maravillosas islas en medio de la arena<\/p>\n<\/div>\n<div class=\"tour_attribute_wrapper\">\n<div class=\"tour_attribute_days\">\n\t\t\t    \t\t\t    <span class=\"ti-time\"><\/span>10&nbsp;d\u00edas<\/div>\n<\/div>\n<p>        \t\t    <br class=\"clear\"\/>\n\t\t\t\t<\/div>\n<\/div>\n<\/div>\n<div class=\"element grid classic3_cols animated4\">\n<div class=\"one_third gallery3 classic static filterable portfolio_type themeborder\"><a class=\"tour_image\" href=\"https:\/\/viatgesmonobert.com\/ca\/tour\/el-cairo-el-nilo-y-el-mar-rojo\/\"><br \/>\n\t\t\t\t\t<img decoding=\"async\" src=\"https:\/\/viatgesmonobert.com\/wp-content\/uploads\/2018\/05\/el-cairo-700x466.jpg\" alt=\"Egipte &#8211; El Caire, el Nil i el Mar Roig\" \/><\/p>\n<div class=\"tour_price \">Des de 969 \u20ac<\/div>\n<p><\/a><\/p>\n<div class=\"portfolio_info_wrapper\">\n        \t\t    <a class=\"tour_link\" href=\"https:\/\/viatgesmonobert.com\/ca\/tour\/el-cairo-el-nilo-y-el-mar-rojo\/\"><\/p>\n<h4>Egipte &#8211; El Caire, el Nil i el Mar Roig<\/h4>\n<p><\/a><\/p>\n<div class=\"tour_excerpt\">\n<p>Recorre a fondo los m\u00e1s reconocidos monumentos y templos fara\u00f3nicos del pa\u00eds<\/p>\n<\/div>\n<div class=\"tour_attribute_wrapper\">\n<div class=\"tour_attribute_days\">\n\t\t\t    \t\t\t    <span class=\"ti-time\"><\/span>10&nbsp;d\u00edas<\/div>\n<\/div>\n<p>        \t\t    <br class=\"clear\"\/>\n\t\t\t\t<\/div>\n<\/div>\n<\/div>\n<div class=\"element grid classic3_cols animated5\">\n<div class=\"one_third gallery3 classic static filterable portfolio_type themeborder\"><a class=\"tour_image\" href=\"https:\/\/viatgesmonobert.com\/ca\/tour\/marrakech-dunas-y-fez\/\"><br \/>\n\t\t\t\t\t<img decoding=\"async\" src=\"https:\/\/viatgesmonobert.com\/wp-content\/uploads\/2018\/05\/marrakeh-dunas-700x466.jpg\" alt=\"Marr\u00e0queix &#8211; Dunes i Fes\" \/><\/p>\n<div class=\"tour_price \">Des de 1231 \u20ac<\/div>\n<p><\/a><\/p>\n<div class=\"portfolio_info_wrapper\">\n        \t\t    <a class=\"tour_link\" href=\"https:\/\/viatgesmonobert.com\/ca\/tour\/marrakech-dunas-y-fez\/\"><\/p>\n<h4>Marr\u00e0queix &#8211; Dunes i Fes<\/h4>\n<p><\/a><\/p>\n<div class=\"tour_excerpt\">\n<p>La m\u00e1gica Marrakech, la ciudad roja<\/p>\n<\/div>\n<div class=\"tour_attribute_wrapper\">\n<div class=\"tour_attribute_days\">\n\t\t\t    \t\t\t    <span class=\"ti-time\"><\/span>11&nbsp;d\u00edas<\/div>\n<\/div>\n<p>        \t\t    <br class=\"clear\"\/>\n\t\t\t\t<\/div>\n<\/div>\n<\/div>\n<div class=\"element grid classic3_cols animated6\">\n<div class=\"one_third gallery3 classic static filterable portfolio_type themeborder\"><a class=\"tour_image\" href=\"https:\/\/viatgesmonobert.com\/ca\/tour\/ascension-al-toubkal\/\"><br \/>\n\t\t\t\t\t<img decoding=\"async\" src=\"https:\/\/viatgesmonobert.com\/wp-content\/uploads\/2018\/05\/atlas-700x466.jpg\" alt=\"Marroc &#8211; Ascensi\u00f3 al Toubkal\" \/><\/p>\n<div class=\"tour_price \">Des de 940 \u20ac<\/div>\n<p><\/a><\/p>\n<div class=\"portfolio_info_wrapper\">\n        \t\t    <a class=\"tour_link\" href=\"https:\/\/viatgesmonobert.com\/ca\/tour\/ascension-al-toubkal\/\"><\/p>\n<h4>Marroc &#8211; Ascensi\u00f3 al Toubkal<\/h4>\n<p><\/a><\/p>\n<div class=\"tour_excerpt\">\n<p>El Tubkal es el techo de Marruecos y del norte de \u00c1frica<\/p>\n<\/div>\n<div class=\"tour_attribute_wrapper\">\n<div class=\"tour_attribute_days\">\n\t\t\t    \t\t\t    <span class=\"ti-time\"><\/span>10&nbsp;d\u00edas<\/div>\n<\/div>\n<p>        \t\t    <br class=\"clear\"\/>\n\t\t\t\t<\/div>\n<\/div>\n<\/div>\n<div class=\"element grid classic3_cols animated7\">\n<div class=\"one_third gallery3 classic static filterable portfolio_type themeborder\"><a class=\"tour_image\" href=\"https:\/\/viatgesmonobert.com\/ca\/tour\/camino-del-rif\/\"><br \/>\n\t\t\t\t\t<img decoding=\"async\" src=\"https:\/\/viatgesmonobert.com\/wp-content\/uploads\/2018\/05\/tanger-700x466.jpg\" alt=\"Marroc &#8211; Cam\u00ed del Rif\" \/><\/p>\n<div class=\"tour_price \">Des de 860 \u20ac<\/div>\n<p><\/a><\/p>\n<div class=\"portfolio_info_wrapper\">\n        \t\t    <a class=\"tour_link\" href=\"https:\/\/viatgesmonobert.com\/ca\/tour\/camino-del-rif\/\"><\/p>\n<h4>Marroc &#8211; Cam\u00ed del Rif<\/h4>\n<p><\/a><\/p>\n<div class=\"tour_excerpt\">\n<p>Bellos y monta\u00f1osos caminos en las tierras Bereberes.<\/p>\n<\/div>\n<div class=\"tour_attribute_wrapper\">\n<div class=\"tour_attribute_days\">\n\t\t\t    \t\t\t    <span class=\"ti-time\"><\/span>6&nbsp;d\u00edas<\/div>\n<\/div>\n<p>        \t\t    <br class=\"clear\"\/>\n\t\t\t\t<\/div>\n<\/div>\n<\/div>\n<div class=\"element grid classic3_cols animated8\">\n<div class=\"one_third gallery3 classic static filterable portfolio_type themeborder\"><a class=\"tour_image\" href=\"https:\/\/viatgesmonobert.com\/ca\/tour\/casbas-y-dunas-4x4\/\"><br \/>\n\t\t\t\t\t<img decoding=\"async\" src=\"https:\/\/viatgesmonobert.com\/wp-content\/uploads\/2018\/05\/Merzouga-700x466.jpg\" alt=\"Marroc &#8211; Casbas i Dunes 4&#215;4\" \/><\/p>\n<div class=\"tour_price \">Des de 937 \u20ac<\/div>\n<p><\/a><\/p>\n<div class=\"portfolio_info_wrapper\">\n        \t\t    <a class=\"tour_link\" href=\"https:\/\/viatgesmonobert.com\/ca\/tour\/casbas-y-dunas-4x4\/\"><\/p>\n<h4>Marroc &#8211; Casbas i Dunes 4&#215;4<\/h4>\n<p><\/a><\/p>\n<div class=\"tour_excerpt\">\n<p>La m\u00e1gica Marrakech, la ciudad roja<\/p>\n<\/div>\n<div class=\"tour_attribute_wrapper\">\n<div class=\"tour_attribute_days\">\n\t\t\t    \t\t\t    <span class=\"ti-time\"><\/span>8&nbsp;d\u00edas<\/div>\n<\/div>\n<p>        \t\t    <br class=\"clear\"\/>\n\t\t\t\t<\/div>\n<\/div>\n<\/div>\n<div class=\"element grid classic3_cols animated9\">\n<div class=\"one_third gallery3 classic static filterable portfolio_type themeborder\"><a class=\"tour_image\" href=\"https:\/\/viatgesmonobert.com\/ca\/tour\/escapadas-al-desierto\/\"><br \/>\n\t\t\t\t\t<img decoding=\"async\" src=\"https:\/\/viatgesmonobert.com\/wp-content\/uploads\/2018\/05\/desierto2-700x466.jpg\" alt=\"Marroc &#8211; Escapades al Desert\" \/><\/p>\n<div class=\"tour_price \">Des de 305 \u20ac<\/div>\n<p><\/a><\/p>\n<div class=\"portfolio_info_wrapper\">\n        \t\t    <a class=\"tour_link\" href=\"https:\/\/viatgesmonobert.com\/ca\/tour\/escapadas-al-desierto\/\"><\/p>\n<h4>Marroc &#8211; Escapades al Desert<\/h4>\n<p><\/a><\/p>\n<div class=\"tour_excerpt\">\n<p>Itinerarios para disfrutar del genuino ambiente bereber<\/p>\n<\/div>\n<div class=\"tour_attribute_wrapper\">\n<div class=\"tour_attribute_days\">\n\t\t\t    \t\t\t    <span class=\"ti-time\"><\/span>5&nbsp;d\u00edas<\/div>\n<\/div>\n<p>        \t\t    <br class=\"clear\"\/>\n\t\t\t\t<\/div>\n<\/div>\n<\/div>\n<div class=\"element grid classic3_cols animated10\">\n<div class=\"one_third gallery3 classic static filterable portfolio_type themeborder\"><a class=\"tour_image\" href=\"https:\/\/viatgesmonobert.com\/ca\/tour\/navidad-y-ano-nuevo-en-el-desierto\/\"><br \/>\n\t\t\t\t\t<img decoding=\"async\" src=\"https:\/\/viatgesmonobert.com\/wp-content\/uploads\/2018\/05\/tinerhir-700x466.jpg\" alt=\"Marroc &#8211; Nadal i Cap d&#8217;Any al Desert\" \/><\/p>\n<div class=\"tour_price \">Des de 465 \u20ac<\/div>\n<p><\/a><\/p>\n<div class=\"portfolio_info_wrapper\">\n        \t\t    <a class=\"tour_link\" href=\"https:\/\/viatgesmonobert.com\/ca\/tour\/navidad-y-ano-nuevo-en-el-desierto\/\"><\/p>\n<h4>Marroc &#8211; Nadal i Cap d&#8217;Any al Desert<\/h4>\n<p><\/a><\/p>\n<div class=\"tour_excerpt\">\n<p>Traspasa las monta\u00f1as de la cordillera del Atlas y los valles de antiguos r\u00edos<\/p>\n<\/div>\n<div class=\"tour_attribute_wrapper\">\n<div class=\"tour_attribute_days\">\n\t\t\t    \t\t\t    <span class=\"ti-time\"><\/span>5&nbsp;d\u00edas<\/div>\n<\/div>\n<p>        \t\t    <br class=\"clear\"\/>\n\t\t\t\t<\/div>\n<\/div>\n<\/div>\n<div class=\"element grid classic3_cols animated11\">\n<div class=\"one_third gallery3 classic static filterable portfolio_type themeborder\"><a class=\"tour_image\" href=\"https:\/\/viatgesmonobert.com\/ca\/tour\/todo-marruecos\/\"><br \/>\n\t\t\t\t\t<img decoding=\"async\" src=\"https:\/\/viatgesmonobert.com\/wp-content\/uploads\/2018\/05\/rabat-700x466.jpg\" alt=\"Marroc &#8211; Tot Marroc\" \/><\/p>\n<div class=\"tour_price \">Des de 1580 \u20ac<\/div>\n<p><\/a><\/p>\n<div class=\"portfolio_info_wrapper\">\n        \t\t    <a class=\"tour_link\" href=\"https:\/\/viatgesmonobert.com\/ca\/tour\/todo-marruecos\/\"><\/p>\n<h4>Marroc &#8211; Tot Marroc<\/h4>\n<p><\/a><\/p>\n<div class=\"tour_excerpt\">\n<p>Gran diversidad paisaj\u00edstica y cultural de nuestro vecino del sur<\/p>\n<\/div>\n<div class=\"tour_attribute_wrapper\">\n<div class=\"tour_attribute_days\">\n\t\t\t    \t\t\t    <span class=\"ti-time\"><\/span>15&nbsp;d\u00edas<\/div>\n<\/div>\n<p>        \t\t    <br class=\"clear\"\/>\n\t\t\t\t<\/div>\n<\/div>\n<\/div>\n<div class=\"element grid classic3_cols animated12\">\n<div class=\"one_third gallery3 classic static filterable portfolio_type themeborder\"><a class=\"tour_image\" href=\"https:\/\/viatgesmonobert.com\/ca\/tour\/norte-y-sur-4x4\/\"><br \/>\n\t\t\t\t\t<img decoding=\"async\" src=\"https:\/\/viatgesmonobert.com\/wp-content\/uploads\/2018\/05\/marruecos4x4-700x466.jpg\" alt=\"Tunez &#8211; Nord i Sud 4&#215;4\" \/><\/p>\n<div class=\"tour_price \">Des de 943 \u20ac<\/div>\n<p><\/a><\/p>\n<div class=\"portfolio_info_wrapper\">\n        \t\t    <a class=\"tour_link\" href=\"https:\/\/viatgesmonobert.com\/ca\/tour\/norte-y-sur-4x4\/\"><\/p>\n<h4>Tunez &#8211; Nord i Sud 4&#215;4<\/h4>\n<p><\/a><\/p>\n<div class=\"tour_excerpt\">\n<p>Desde la preciosa Medina de la capital, hasta los zocos del desierto.<\/p>\n<\/div>\n<div class=\"tour_attribute_wrapper\">\n<div class=\"tour_attribute_days\">\n\t\t\t    \t\t\t    <span class=\"ti-time\"><\/span>8&nbsp;d\u00edas<\/div>\n<\/div>\n<p>        \t\t    <br class=\"clear\"\/>\n\t\t\t\t<\/div>\n<\/div>\n<\/div>\n<\/div>\n<\/div>\n<\/div>\n<\/div>\n","protected":false},"excerpt":{"rendered":"<p>Seleccionar mesEneroFebreroMarzoAbrilMayoJunioJulioAgostoSeptiembreOctubreNoviembreDiciembre Ordenar por fechaDe menor a mayor precioDe mayor a menor precioOrdenar por nombreOrdenar por popularidadOrdenar por puntuaci\u00f3n consultar Alg\u00e8ria &#8211; Atles Sahari\u00e0 Descubre curiosos e impresionantes grabados rupestres 10&nbsp;d\u00edas consultar Alg\u00e8ria &#8211; La Ruta del Nord-oest Un destino [&hellip;]<\/p>\n","protected":false},"author":2,"featured_media":4837,"parent":0,"menu_order":0,"comment_status":"closed","ping_status":"closed","template":"","meta":{"footnotes":""},"class_list":["post-5482","page","type-page","status-publish","has-post-thumbnail","hentry"],"_links":{"self":[{"href":"https:\/\/www.viatgesmonobert.com\/ca\/wp-json\/wp\/v2\/pages\/5482","targetHints":{"allow":["GET"]}}],"collection":[{"href":"https:\/\/www.viatgesmonobert.com\/ca\/wp-json\/wp\/v2\/pages"}],"about":[{"href":"https:\/\/www.viatgesmonobert.com\/ca\/wp-json\/wp\/v2\/types\/page"}],"author":[{"embeddable":true,"href":"https:\/\/www.viatgesmonobert.com\/ca\/wp-json\/wp\/v2\/users\/2"}],"replies":[{"embeddable":true,"href":"https:\/\/www.viatgesmonobert.com\/ca\/wp-json\/wp\/v2\/comments?post=5482"}],"version-history":[{"count":5,"href":"https:\/\/www.viatgesmonobert.com\/ca\/wp-json\/wp\/v2\/pages\/5482\/revisions"}],"predecessor-version":[{"id":6210,"href":"https:\/\/www.viatgesmonobert.com\/ca\/wp-json\/wp\/v2\/pages\/5482\/revisions\/6210"}],"wp:featuredmedia":[{"embeddable":true,"href":"https:\/\/www.viatgesmonobert.com\/ca\/wp-json\/wp\/v2\/media\/4837"}],"wp:attachment":[{"href":"https:\/\/www.viatgesmonobert.com\/ca\/wp-json\/wp\/v2\/media?parent=5482"}],"curies":[{"name":"wp","href":"https:\/\/api.w.org\/{rel}","templated":true}]}}