{"id":5371,"date":"2017-07-31T08:39:46","date_gmt":"2017-07-31T08:39:46","guid":{"rendered":"https:\/\/effortsl.net\/clientes\/monobert\/home-2\/"},"modified":"2018-07-20T12:51:14","modified_gmt":"2018-07-20T12:51:14","slug":"home-2","status":"publish","type":"page","link":"https:\/\/www.viatgesmonobert.com\/ca\/","title":{"rendered":"Inici"},"content":{"rendered":"<div  class=\"one fullwidth \"><link href=\"https:\/\/fonts.googleapis.com\/css?family=Nothing+You+Could+Do:400%7COpen+Sans:400\" rel=\"stylesheet\" property=\"stylesheet\" type=\"text\/css\" media=\"all\">\n<div id=\"rev_slider_5_1_wrapper\" class=\"rev_slider_wrapper fullwidthbanner-container\" data-alias=\"header-cat\" data-source=\"gallery\" style=\"margin:0px auto;background:rgba(0,0,0,0);padding:0px;margin-top:0px;margin-bottom:0px;\">\n<!-- START REVOLUTION SLIDER 5.4.6.3 auto mode --><\/p>\n<div id=\"rev_slider_5_1\" class=\"rev_slider fullwidthabanner\" style=\"display:none;\" data-version=\"5.4.6.3\">\n<ul>\t<!-- SLIDE  --><\/p>\n<li data-index=\"rs-10\" data-transition=\"fade\" data-slotamount=\"default\" data-hideafterloop=\"0\" data-hideslideonmobile=\"off\"  data-easein=\"default\" data-easeout=\"default\" data-masterspeed=\"300\"  data-thumb=\"https:\/\/viatgesmonobert.com\/wp-content\/uploads\/2018\/04\/grand-canyon-2411051_1920-100x50.jpg\"  data-rotate=\"0\"  data-saveperformance=\"off\"  data-title=\"Slide\" data-param1=\"\" data-param2=\"\" data-param3=\"\" data-param4=\"\" data-param5=\"\" data-param6=\"\" data-param7=\"\" data-param8=\"\" data-param9=\"\" data-param10=\"\" data-description=\"\">\n\t\t<!-- MAIN IMAGE --><br \/>\n\t\t<img loading=\"lazy\" decoding=\"async\" src=\"https:\/\/viatgesmonobert.com\/wp-content\/uploads\/2018\/04\/grand-canyon-2411051_1920.jpg\"  alt=\"\" title=\"grand-canyon-2411051_1920\"  width=\"1920\" height=\"1223\" data-bgposition=\"center center\" data-bgfit=\"cover\" data-bgparallax=\"5\" class=\"rev-slidebg\" data-no-retina><br \/>\n\t\t<!-- LAYERS --><\/p>\n<p>\t\t<!-- BACKGROUND VIDEO LAYER --><\/p>\n<div class=\"rs-background-video-layer\" \n\t\t\tdata-forcerewind=\"on\" \n\t\t\tdata-volume=\"mute\" \n\t\t\tdata-ytid=\"aCLMKdI1FXA\" \n\t\t\tdata-videoattributes=\"version=3&amp;enablejsapi=1&amp;html5=1&amp;hd=1&#038;wmode=opaque&#038;showinfo=0&#038;rel=0;;origin=https:\/\/viatgesmonobert.com;\" \n\t\t\tdata-videorate=\"1\" \n\t\t\tdata-videowidth=\"100%\" \n\t\t\tdata-videoheight=\"100%\" \n\t\t\tdata-videocontrols=\"none\" \n\t\t\tdata-videoloop=\"none\" \n\t\t\tdata-forceCover=\"1\" \n\t\t\tdata-aspectratio=\"16:9\" \n\t\t\tdata-autoplay=\"true\" \n\t\t\tdata-autoplayonlyfirsttime=\"false\" \n><\/div>\n<p>\t\t<!-- LAYER NR. 1 --><\/p>\n<div class=\"tp-caption   tp-resizeme\" \n\t\t\t id=\"slide-10-layer-1\" \n\t\t\t data-x=\"center\" data-hoffset=\"-4\" \n\t\t\t data-y=\"center\" data-voffset=\"-1\" \n\t\t\t\t\t\tdata-width=\"['auto']\"\n\t\t\tdata-height=\"['auto']\"\n \n\t\t\tdata-type=\"text\" \n\t\t\tdata-responsive_offset=\"on\" \n\n\t\t\tdata-frames='[{\"delay\":0,\"speed\":500,\"frame\":\"0\",\"from\":\"opacity:0;\",\"to\":\"o:1;\",\"ease\":\"Power3.easeInOut\"},{\"delay\":\"wait\",\"speed\":300,\"frame\":\"999\",\"to\":\"opacity:0;\",\"ease\":\"Power3.easeInOut\"}]'\n\t\t\tdata-textAlign=\"['inherit','inherit','inherit','inherit']\"\n\t\t\tdata-paddingtop=\"[0,0,0,0]\"\n\t\t\tdata-paddingright=\"[0,0,0,0]\"\n\t\t\tdata-paddingbottom=\"[0,0,0,0]\"\n\t\t\tdata-paddingleft=\"[0,0,0,0]\"\n\n\t\t\tstyle=\"z-index: 5; white-space: nowrap; font-size: 80px; line-height: 22px; font-weight: 400; color: #ffffff; letter-spacing: -2px;font-family:Nothing You Could Do;\">Viu el teu m\u00f3n\n <\/div>\n<p>\t\t<!-- LAYER NR. 2 --><\/p>\n<div class=\"tp-caption   tp-resizeme\" \n\t\t\t id=\"slide-10-layer-3\" \n\t\t\t data-x=\"383\" \n\t\t\t data-y=\"480\" \n\t\t\t\t\t\tdata-width=\"['auto']\"\n\t\t\tdata-height=\"['auto']\"\n \n\t\t\tdata-type=\"text\" \n\t\t\tdata-responsive_offset=\"on\" \n\n\t\t\tdata-frames='[{\"delay\":0,\"speed\":300,\"frame\":\"0\",\"from\":\"opacity:0;\",\"to\":\"o:1;\",\"ease\":\"Power3.easeInOut\"},{\"delay\":\"wait\",\"speed\":300,\"frame\":\"999\",\"to\":\"opacity:0;\",\"ease\":\"Power3.easeInOut\"}]'\n\t\t\tdata-textAlign=\"['inherit','inherit','inherit','inherit']\"\n\t\t\tdata-paddingtop=\"[0,0,0,0]\"\n\t\t\tdata-paddingright=\"[0,0,0,0]\"\n\t\t\tdata-paddingbottom=\"[0,0,0,0]\"\n\t\t\tdata-paddingleft=\"[0,0,0,0]\"\n\n\t\t\tstyle=\"z-index: 6; white-space: nowrap; font-size: 22px; line-height: 22px; font-weight: 400; color: #ffffff; letter-spacing: 0px;font-family:Open Sans;\">Gaudeix d&#8217;un univers de viatges alternatius <\/div>\n<\/li>\n<\/ul>\n<div class=\"tp-bannertimer tp-bottom\" style=\"visibility: hidden !important;\"><\/div>\n<\/p><\/div>\n<style><\/style>\n<p>\t\t<script type=\"text\/javascript\">\nsetREVStartSize({c: jQuery('#rev_slider_5_1'), gridwidth: [1240], gridheight: [868], sliderLayout: 'auto'});<\/p>\n<p>var revapi5,\n\ttpj=jQuery;<\/p>\n<p>tpj(document).ready(function() {\n\tif(tpj(\"#rev_slider_5_1\").revolution == undefined){\n\t\trevslider_showDoubleJqueryError(\"#rev_slider_5_1\");\n\t}else{\n\t\trevapi5 = tpj(\"#rev_slider_5_1\").show().revolution({\n\t\t\tsliderType:\"hero\",\n\t\t\tjsFileLocation:\"\/\/viatgesmonobert.com\/wp-content\/plugins\/revslider\/public\/assets\/js\/\",\n\t\t\tsliderLayout:\"auto\",\n\t\t\tdottedOverlay:\"none\",\n\t\t\tdelay:4000,\n\t\t\tviewPort: {\n\t\t\t\tenable:true,\n\t\t\t\toutof:\"wait\",\n\t\t\t\tvisible_area:\"80%\",\n\t\t\t\tpresize:false\n\t\t\t},\n\t\t\tvisibilityLevels:[1240,1024,778,480],\n\t\t\tgridwidth:1240,\n\t\t\tgridheight:868,\n\t\t\tlazyType:\"none\",\n\t\t\tscrolleffect: {\n\t\t\t\tblur:\"on\",\n\t\t\t\ton_slidebg:\"on\",\n\t\t\t},\n\t\t\tparallax: {\n\t\t\t\ttype:\"mouse\",\n\t\t\t\torigo:\"enterpoint\",\n\t\t\t\tspeed:400,\n\t\t\t\tspeedbg:0,\n\t\t\t\tspeedls:0,\n\t\t\t\tlevels:[5,10,15,20,25,30,35,40,45,46,47,48,49,50,51,55],\n\t\t\t},\n\t\t\tshadow:0,\n\t\t\tspinner:\"spinner2\",\n\t\t\tautoHeight:\"off\",\n\t\t\tdisableProgressBar:\"on\",\n\t\t\thideThumbsOnMobile:\"off\",\n\t\t\thideSliderAtLimit:0,\n\t\t\thideCaptionAtLimit:0,\n\t\t\thideAllCaptionAtLilmit:0,\n\t\t\tdebugMode:false,\n\t\t\tfallbacks: {\n\t\t\t\tsimplifyAll:\"off\",\n\t\t\t\tdisableFocusListener:false,\n\t\t\t}\n\t\t});\n\t}<\/p>\n<p>});\t\/*ready*\/\n<\/script><\/p>\n<style type=\"text\/css\">\t#rev_slider_5_1_wrapper .tp-loader.spinner2{ background-color: #FFFFFF !important; } <\/style>\n<\/div>\n<p><!-- END REVOLUTION SLIDER --><\/div>\n<div  class=\"one withsmallpadding ppb_tour_search\" style=\"padding:0 !important;z-index:2;margin-top:-20px;\" >\n<div class=\"standard_wrapper\">\n<div class=\"page_content_wrapper\">\n<div class=\"inner\">\n<form id=\"tour_search_form\" class=\"tour_search_form\" method=\"get\" action=\"https:\/\/viatgesmonobert.com\/ca\/busqueda\/\">\n<div class=\"tour_search_wrapper\">\n<div class=\"one_fourth themeborder\">\n    \t\t<input id=\"keyword\" name=\"keyword\" type=\"text\" autocomplete=\"off\" placeholder=\"\u00bfA d\u00f3nde vas?\"\/><br \/>\n    \t\t<span class=\"ti-search\"><\/span><\/p>\n<div id=\"autocomplete\" class=\"autocomplete\" data-mousedown=\"false\"><\/div>\n<\/p><\/div>\n<div class=\"one_fourth themeborder\"><select id=\"month\" name=\"month\"><option value=\"\">Seleccionar mes<\/option><option value=\"january\">Enero<\/option><option value=\"february\">Febrero<\/option><option value=\"march\">Marzo<\/option><option value=\"april\">Abril<\/option><option value=\"may\">Mayo<\/option><option value=\"june\">Junio<\/option><option value=\"july\">Julio<\/option><option value=\"august\">Agosto<\/option><option value=\"september\">Septiembre<\/option><option value=\"october\">Octubre<\/option><option value=\"november\">Noviembre<\/option><option value=\"december\">Diciembre<\/option><\/select><br \/>\n    \t\t<span class=\"ti-calendar\"><\/span>\n    \t<\/div>\n<div class=\"one_fourth themeborder\"><select id=\"sort_by\" name=\"sort_by\"><option value=\"date\">Ordenar por fecha<\/option><option value=\"price_low\">De menor a mayor precio<\/option><option value=\"price_high\">De mayor a menor precio<\/option><option value=\"name\">Ordenar por nombre<\/option><option value=\"popular\">Ordenar por popularidad<\/option><option value=\"review\">Ordenar por puntuaci\u00f3n<\/option><\/select><br \/>\n    \t\t<span class=\"ti-exchange-vertical\"><\/span>\n    \t<\/div>\n<div class=\"one_fourth last themeborder\">\n    \t\t<input id=\"tour_search_btn\" type=\"submit\" class=\"button\" value=\"Buscar\"\/>\n    \t<\/div>\n<\/p><\/div>\n<\/form>\n<\/div>\n<\/div>\n<\/div>\n<\/div>\n<div  class=\"one withsmallpadding ppb_header \" style=\"text-align:center;padding:40px 0 40px 0;\" >\n<div class=\"standard_wrapper\">\n<div class=\"page_content_wrapper\">\n<div class=\"inner\">\n<div style=\"margin:auto;width:100%\">\n<h2 class=\"ppb_title\" style=\"\">Tria la teva destinaci\u00f3<\/h2>\n<div class=\"page_tagline\" style=\"\">Somia, imagina, viatja &#8230;<\/div>\n<\/div>\n<\/div>\n<\/div>\n<\/div>\n<\/div>\n<div class=\"divider one\">&nbsp;<\/div>\n<div  class=\"ppb_destination_metro one nopadding \" style=\"margin-top:-10px;\" >\n<div class=\"page_content_wrapper page_main_content sidebar_content full_width fixed_column\">\n<div class=\"standard_wrapper\">\n<div id=\"1532091074779929430\" class=\"portfolio_filter_wrapper gallery grid metro portrait four_cols\" data-columns=\"4\">\n<div class=\"element grid center classic4_cols double_size animated1\">\n<div class=\"one_fourth gallery4 double_size grid static filterable portfolio_type themeborder\" style=\"background-image:url(http:\/\/viatgesmonobert.com\/wp-content\/uploads\/2017\/07\/pexels-photo-259522-960x636.jpeg);\">\n<div class=\"ppb_background_overlay light\"><\/div>\n<p><a class=\"tour_image\" href=\"http:\/\/viatgesmonobert.com\/ca\/destination\/circuitos-polares\/\"><\/a><\/p>\n<div class=\"portfolio_info_wrapper\">\n<div class=\"portfolio_info_content\">\n<h3>Circuits Polars<\/h3>\n<\/div>\n<\/div>\n<\/div>\n<\/div>\n<div class=\"element grid center classic4_cols animated2\">\n<div class=\"one_fourth gallery4 grid static filterable portfolio_type themeborder\" style=\"background-image:url(http:\/\/viatgesmonobert.com\/wp-content\/uploads\/2016\/12\/pexels-photo-481795-700x466.jpeg);\">\n<div class=\"ppb_background_overlay light\"><\/div>\n<p><a class=\"tour_image\" href=\"http:\/\/viatgesmonobert.com\/ca\/destination\/america\/\"><\/a><\/p>\n<div class=\"portfolio_info_wrapper\">\n<div class=\"portfolio_info_content\">\n<h3>Am\u00e8rica<\/h3>\n<\/div>\n<\/div>\n<\/div>\n<\/div>\n<div class=\"element grid center classic4_cols animated3\">\n<div class=\"one_fourth gallery4 grid static filterable portfolio_type themeborder\" style=\"background-image:url(http:\/\/viatgesmonobert.com\/wp-content\/uploads\/2017\/07\/pexels-photo-479344-700x466.jpeg);\">\n<div class=\"ppb_background_overlay light\"><\/div>\n<p><a class=\"tour_image\" href=\"http:\/\/viatgesmonobert.com\/ca\/destination\/asia\/\"><\/a><\/p>\n<div class=\"portfolio_info_wrapper\">\n<div class=\"portfolio_info_content\">\n<h3>\u00c0sia<\/h3>\n<\/div>\n<\/div>\n<\/div>\n<\/div>\n<div class=\"element grid center classic4_cols animated4\">\n<div class=\"one_fourth gallery4 grid static filterable portfolio_type themeborder\" style=\"background-image:url(http:\/\/viatgesmonobert.com\/wp-content\/uploads\/2016\/12\/H2O-Tours-australia-700x466.jpg);\">\n<div class=\"ppb_background_overlay light\"><\/div>\n<p><a class=\"tour_image\" href=\"http:\/\/viatgesmonobert.com\/ca\/destination\/oceania\/\"><\/a><\/p>\n<div class=\"portfolio_info_wrapper\">\n<div class=\"portfolio_info_content\">\n<h3>Oceania<\/h3>\n<\/div>\n<\/div>\n<\/div>\n<\/div>\n<div class=\"element grid center classic4_cols animated5\">\n<div class=\"one_fourth gallery4 grid static filterable portfolio_type themeborder\" style=\"background-image:url(http:\/\/viatgesmonobert.com\/wp-content\/uploads\/2016\/12\/Beautiful-Africa-700x466.jpg);\">\n<div class=\"ppb_background_overlay light\"><\/div>\n<p><a class=\"tour_image\" href=\"http:\/\/viatgesmonobert.com\/ca\/destination\/africa\/\"><\/a><\/p>\n<div class=\"portfolio_info_wrapper\">\n<div class=\"portfolio_info_content\">\n<h3>\u00c0frica<\/h3>\n<\/div>\n<\/div>\n<\/div>\n<\/div>\n<div class=\"element grid center classic4_cols double_size animated6\">\n<div class=\"one_fourth gallery4 double_size grid static filterable portfolio_type themeborder\" style=\"background-image:url(http:\/\/viatgesmonobert.com\/wp-content\/uploads\/2016\/12\/erik-lundqvist-220582-960x636.jpg);\">\n<div class=\"ppb_background_overlay light\"><\/div>\n<p><a class=\"tour_image\" href=\"http:\/\/viatgesmonobert.com\/ca\/destination\/europa\/\"><\/a><\/p>\n<div class=\"portfolio_info_wrapper\">\n<div class=\"portfolio_info_content\">\n<h3>Europa<\/h3>\n<\/div>\n<\/div>\n<\/div>\n<\/div>\n<\/div>\n<\/div>\n<\/div>\n<\/div>\n<div class=\"divider one\">&nbsp;<\/div>\n<div  class=\"one withsmallpadding ppb_header \" style=\"text-align:center;padding:40px 0 40px 0;\" >\n<div class=\"standard_wrapper\">\n<div class=\"page_content_wrapper\">\n<div class=\"inner\">\n<div style=\"margin:auto;width:100%\">\n<h2 class=\"ppb_title\" style=\"\">Itineraris<\/h2>\n<div class=\"page_tagline\" style=\"\">Gaudeix dels nostres especials.<\/div>\n<\/div>\n<\/div>\n<\/div>\n<\/div>\n<\/div>\n<div  class=\"one withsmallpadding ppb_text\" style=\"padding:0px;\" >\n<div class=\"ppb_destination_grid one nopadding \">\n<div class=\"page_content_wrapper page_main_content sidebar_content full_width fixed_column\">\n<div class=\"standard_wrapper\" style=\"margin-top: -10px;\">\n<div id=\"15238821341582438610\" class=\"portfolio_filter_wrapper gallery grid portrait\" style=\"padding-top: 10px;\">\n<div class=\"element grid center animated1\"><a href=\"https:\/\/viatgesmonobert.com\/ca\/sortides-especials\/\"><\/p>\n<div class=\"grid static filterable portfolio_type themeborder\" style=\"background-image: url('https:\/\/viatgesmonobert.com\/wp-content\/uploads\/2018\/07\/viajes-destinos-especiales-borneo.jpg'); max-height: 300px;\">\n<div class=\"ppb_background_overlay light\"><\/div>\n<div class=\"portfolio_info_wrapper\">\n<div class=\"portfolio_info_content\">\n<h3 style=\"margin-top: -36px;\">Especials<\/h3>\n<\/div>\n<\/div>\n<\/div>\n<p><\/a><\/div>\n<\/div>\n<\/div>\n<\/div>\n<\/div>\n<\/div>\n<div class=\"divider one\">&nbsp;<\/div>\n<div  class=\"one withsmallpadding ppb_header \" style=\"text-align:center;padding:40px 0 40px 0;\" >\n<div class=\"standard_wrapper\">\n<div class=\"page_content_wrapper\">\n<div class=\"inner\">\n<div style=\"margin:auto;width:100%\">\n<h2 class=\"ppb_title\" style=\"\">Per qu\u00e8 escollir-nos?<\/h2>\n<div class=\"page_tagline\" style=\"\">Confia&#039;ns el teu somni de viatjar<\/div>\n<\/div>\n<\/div>\n<\/div>\n<\/div>\n<\/div>\n<div class=\"standard_wrapper\">\n<div  class=\"one_third withsmallpadding ppb_text\" style=\"text-align:center;padding:40px 0 40px 0;\" >\n<div class=\"standard_wrapper\">\n<div class=\"page_content_wrapper\">\n<div class=\"inner\">\n<div style=\"margin:auto;width:100%\">\n<p><img loading=\"lazy\" decoding=\"async\" class=\"alignnone wp-image-3106 size-medium\" src=\"https:\/\/viatgesmonobert.com\/wp-content\/uploads\/2018\/04\/experiencia.png\" alt=\"\" width=\"150\" height=\"150\" \/><\/p>\n<h4 class=\"p1\"><span class=\"s1\"><b>Experi\u00e8ncia<\/b><\/span><\/h4>\n<p><span style=\"color: #212121;\">Tenim \u00e0mplia experi\u00e8ncia sobre el terreny, perqu\u00e8 igual que a tu, ens encanta viatjar<\/span><\/p>\n<\/div>\n<\/div>\n<\/div>\n<\/div>\n<\/div>\n<\/div>\n<div class=\"standard_wrapper\">\n<div  class=\"one_third withsmallpadding ppb_text\" style=\"text-align:center;padding:40px 0 40px 0;\" >\n<div class=\"standard_wrapper\">\n<div class=\"page_content_wrapper\">\n<div class=\"inner\">\n<div style=\"margin:auto;width:100%\">\n<p><img loading=\"lazy\" decoding=\"async\" class=\"alignnone wp-image-3106 size-medium\" src=\"https:\/\/viatgesmonobert.com\/wp-content\/uploads\/2018\/04\/profesioanlidad.png\" alt=\"\" width=\"150\" height=\"150\" \/><\/p>\n<h4 class=\"p1\"><span class=\"s1\"><b>Professionalitat<\/b><\/span><\/h4>\n<p><span style=\"color: #212121;\">Perqu\u00e8 no et sentis un n\u00famero i puguis rebre un tracte personalitzat &#8230;! COMPTA AMB NOSALTRES!<\/span><\/p>\n<\/div>\n<\/div>\n<\/div>\n<\/div>\n<\/div>\n<\/div>\n<div class=\"standard_wrapper\">\n<div  class=\"one_third last withsmallpadding ppb_text\" style=\"text-align:center;padding:40px 0 40px 0;\" >\n<div class=\"standard_wrapper\">\n<div class=\"page_content_wrapper\">\n<div class=\"inner\">\n<div style=\"margin:auto;width:100%\">\n<p><img loading=\"lazy\" decoding=\"async\" class=\"alignnone wp-image-3106 size-medium\" src=\"https:\/\/viatgesmonobert.com\/wp-content\/uploads\/2018\/04\/destinos.png\" alt=\"\" width=\"150\" height=\"150\" \/><\/p>\n<h4 class=\"p1\"><span class=\"s1\"><b>Les millors destinacions<\/b><\/span><\/h4>\n<p><span style=\"color: #212121;\">On vulguis i quan vulguis. Tenim per a tu aquesta aventura que tots necessitem viure.<\/span><\/p>\n<\/div>\n<\/div>\n<\/div>\n<\/div>\n<\/div>\n<\/div>\n<div  class=\"one withsmallpadding ppb_header parallax withbg \" style=\"background-image:url(https:\/\/viatgesmonobert.com\/wp-content\/uploads\/2018\/04\/rainbow-background-1149610_1920.jpg);background-position: center center;text-align:center;padding:80px 0 80px 0;color:#ffffff;\" >\n<div class=\"overlay_background\" style=\"background:#990000;background:rgb(153,0,0,0.4);background:rgba(153,0,0,0.4);\"><\/div>\n<div class=\"standard_wrapper\">\n<div class=\"page_content_wrapper\">\n<div class=\"inner\">\n<div style=\"margin:auto;width:100%\">\n<div class=\"ppb_header_content\">\n<h2 style=\"text-align: center; color: #ffffff; vertical-align: middle;\">\u201cL&#8217;aventura de viatjar consisteix a ser capa\u00e7 de viure <span style=\"background: rgba(198, 7, 7, 0.8); padding-left: 10px; padding-right: 10px;\"> com un esdeveniment extraordinari<\/span> la vida quotidiana d&#8217;altres gents en paratges llunyans a la teva llar.\u201d<\/h2>\n<\/div>\n<\/div>\n<\/div>\n<\/div>\n<\/div>\n<\/div>\n<div class=\"divider one\">&nbsp;<\/div>\n<div  class=\"one withsmallpadding ppb_header \" style=\"text-align:center;padding:20px 0 20px 0;\" >\n<div class=\"standard_wrapper\">\n<div class=\"page_content_wrapper\">\n<div class=\"inner\">\n<div style=\"margin:auto;width:100%\">\n<h2 class=\"ppb_title\" style=\"\">Ag\u00e8ncia IATA<\/h2>\n<div class=\"page_tagline\" style=\"\">N\u00fam. 7820800<\/div>\n<\/div>\n<\/div>\n<\/div>\n<\/div>\n<\/div>\n<div  class=\"one withsmallpadding ppb_text\" style=\"text-align:center;padding:40px 0 40px 0;\" >\n<div class=\"standard_wrapper\">\n<div class=\"page_content_wrapper\">\n<div class=\"inner\">\n<div style=\"margin:auto;width:100%\">\n<p><img loading=\"lazy\" decoding=\"async\" class=\"alignnone wp-image-3106 size-medium aligncenter\" src=\"https:\/\/viatgesmonobert.com\/wp-content\/uploads\/2018\/06\/logo-iata-colaborador.png\" alt=\"\" width=\"250\" height=\"160\" \/><\/p>\n<\/div>\n<\/div>\n<\/div>\n<\/div>\n<\/div>\n<div  class=\"one ppb_fullwidth_button\" style=\"padding:40px 0 40px 0;background-color:#990000;\" >\n<div class=\"standard_wrapper\">\n<h2 class=\"title\" style=\"color:#ffffff;\">Necessites m\u00e9s informaci\u00f3?<\/h2>\n<p><a href=\"https:\/\/viatgesmonobert.com\/contacto\/?lang=ca\" class=\"button\" style=\"background-color:#ffffff;border-color:#ffffff;color:#990000;\">Contacta&#039;ns<\/a><\/div>\n<\/div>\n","protected":false},"excerpt":{"rendered":"<p>Viu el teu m\u00f3n Gaudeix d&#8217;un univers de viatges alternatius Seleccionar mesEneroFebreroMarzoAbrilMayoJunioJulioAgostoSeptiembreOctubreNoviembreDiciembre Ordenar por fechaDe menor a mayor precioDe mayor a menor precioOrdenar por nombreOrdenar por popularidadOrdenar por puntuaci\u00f3n Tria la teva destinaci\u00f3 Somia, imagina, viatja &#8230; &nbsp; Circuits Polars [&hellip;]<\/p>\n","protected":false},"author":1,"featured_media":0,"parent":0,"menu_order":0,"comment_status":"closed","ping_status":"closed","template":"","meta":{"footnotes":""},"class_list":["post-5371","page","type-page","status-publish","hentry"],"_links":{"self":[{"href":"https:\/\/www.viatgesmonobert.com\/ca\/wp-json\/wp\/v2\/pages\/5371","targetHints":{"allow":["GET"]}}],"collection":[{"href":"https:\/\/www.viatgesmonobert.com\/ca\/wp-json\/wp\/v2\/pages"}],"about":[{"href":"https:\/\/www.viatgesmonobert.com\/ca\/wp-json\/wp\/v2\/types\/page"}],"author":[{"embeddable":true,"href":"https:\/\/www.viatgesmonobert.com\/ca\/wp-json\/wp\/v2\/users\/1"}],"replies":[{"embeddable":true,"href":"https:\/\/www.viatgesmonobert.com\/ca\/wp-json\/wp\/v2\/comments?post=5371"}],"version-history":[{"count":29,"href":"https:\/\/www.viatgesmonobert.com\/ca\/wp-json\/wp\/v2\/pages\/5371\/revisions"}],"predecessor-version":[{"id":6466,"href":"https:\/\/www.viatgesmonobert.com\/ca\/wp-json\/wp\/v2\/pages\/5371\/revisions\/6466"}],"wp:attachment":[{"href":"https:\/\/www.viatgesmonobert.com\/ca\/wp-json\/wp\/v2\/media?parent=5371"}],"curies":[{"name":"wp","href":"https:\/\/api.w.org\/{rel}","templated":true}]}}